{"id":88352,"date":"2026-03-02T06:14:04","date_gmt":"2026-03-02T06:14:04","guid":{"rendered":"https:\/\/vulkanoshop.xyz\/?post_type=product&#038;p=88352"},"modified":"2026-03-02T06:14:16","modified_gmt":"2026-03-02T06:14:16","slug":"pantalones-cortos-stone-island-olive-green","status":"publish","type":"product","link":"https:\/\/vulkanoshop.xyz\/?product=pantalones-cortos-stone-island-olive-green","title":{"rendered":"Pantalones Cortos Stone Island &#8211; Olive Green"},"content":{"rendered":"","protected":false},"excerpt":{"rendered":"<h3 data-start=\"224\" data-end=\"300\"><strong data-start=\"228\" data-end=\"300\">Pantalones Cortos Stone Island\u00a0<\/strong><\/h3>\n<p><strong data-start=\"302\" data-end=\"364\">Dise\u00f1ados para el movimiento. Definidos por la innovaci\u00f3n.<\/strong><\/p>\n<p>Los Bermudas de Stone Island representan la fusi\u00f3n definitiva entre utilidad y dise\u00f1o contempor\u00e1neo. Confeccionados con materiales t\u00e9cnicos de alto rendimiento y un corte moderno, estos bermudas elevan el concepto de ropa utilitaria con el inconfundible enfoque experimental de la marca italiana.<\/p>\n","protected":false},"featured_media":88376,"comment_status":"open","ping_status":"closed","template":"","meta":[],"product_brand":[],"product_cat":[901,738,914,729,911],"product_tag":[],"class_list":{"0":"post-88352","1":"product","2":"type-product","3":"status-publish","4":"has-post-thumbnail","6":"product_cat-coleccion-primavera-verano-2026","7":"product_cat-pantalones-cortos","8":"product_cat-pantalones-cortos-stone-island","9":"product_cat-ropa-general","10":"product_cat-stone-island-general","12":"first","13":"instock","14":"sale","15":"shipping-taxable","16":"purchasable","17":"product-type-variable"},"_links":{"self":[{"href":"https:\/\/vulkanoshop.xyz\/index.php?rest_route=\/wp\/v2\/product\/88352","targetHints":{"allow":["GET"]}}],"collection":[{"href":"https:\/\/vulkanoshop.xyz\/index.php?rest_route=\/wp\/v2\/product"}],"about":[{"href":"https:\/\/vulkanoshop.xyz\/index.php?rest_route=\/wp\/v2\/types\/product"}],"replies":[{"embeddable":true,"href":"https:\/\/vulkanoshop.xyz\/index.php?rest_route=%2Fwp%2Fv2%2Fcomments&post=88352"}],"version-history":[{"count":1,"href":"https:\/\/vulkanoshop.xyz\/index.php?rest_route=\/wp\/v2\/product\/88352\/revisions"}],"predecessor-version":[{"id":88377,"href":"https:\/\/vulkanoshop.xyz\/index.php?rest_route=\/wp\/v2\/product\/88352\/revisions\/88377"}],"wp:featuredmedia":[{"embeddable":true,"href":"https:\/\/vulkanoshop.xyz\/index.php?rest_route=\/wp\/v2\/media\/88376"}],"wp:attachment":[{"href":"https:\/\/vulkanoshop.xyz\/index.php?rest_route=%2Fwp%2Fv2%2Fmedia&parent=88352"}],"wp:term":[{"taxonomy":"product_brand","embeddable":true,"href":"https:\/\/vulkanoshop.xyz\/index.php?rest_route=%2Fwp%2Fv2%2Fproduct_brand&post=88352"},{"taxonomy":"product_cat","embeddable":true,"href":"https:\/\/vulkanoshop.xyz\/index.php?rest_route=%2Fwp%2Fv2%2Fproduct_cat&post=88352"},{"taxonomy":"product_tag","embeddable":true,"href":"https:\/\/vulkanoshop.xyz\/index.php?rest_route=%2Fwp%2Fv2%2Fproduct_tag&post=88352"}],"curies":[{"name":"wp","href":"https:\/\/api.w.org\/{rel}","templated":true}]}}