{"id":87329,"date":"2026-03-02T06:06:20","date_gmt":"2026-03-02T06:06:20","guid":{"rendered":"https:\/\/vulkanoshop.xyz\/?post_type=product&#038;p=87329"},"modified":"2026-03-02T06:06:39","modified_gmt":"2026-03-02T06:06:39","slug":"dior-b22-negras-contrareembolso","status":"publish","type":"product","link":"https:\/\/vulkanoshop.xyz\/?product=dior-b22-negras-contrareembolso","title":{"rendered":"Dior B22 &#8211; Negras &#8211; ContraReembolso"},"content":{"rendered":"<h3 data-start=\"906\" data-end=\"931\"><strong data-start=\"910\" data-end=\"931\">Por qu\u00e9 deslumbra<\/strong><\/h3>\n<ul data-start=\"932\" data-end=\"1244\">\n<li data-start=\"932\" data-end=\"992\">\n<p data-start=\"934\" data-end=\"992\">Est\u00e9tica deportiva premium con acabados de alta costura.<\/p>\n<\/li>\n<li data-start=\"993\" data-end=\"1057\">\n<p data-start=\"995\" data-end=\"1057\">Materiales t\u00e9cnicos que aportan ligereza y transpirabilidad.<\/p>\n<\/li>\n<li data-start=\"1058\" data-end=\"1129\">\n<p data-start=\"1060\" data-end=\"1129\">Logotipo CD tridimensional que a\u00f1ade car\u00e1cter sin perder elegancia.<\/p>\n<\/li>\n<li data-start=\"1130\" data-end=\"1184\">\n<p data-start=\"1132\" data-end=\"1184\">Suela c\u00f3moda y flexible, perfecta para uso diario.<\/p>\n<\/li>\n<li data-start=\"1185\" data-end=\"1244\">\n<p data-start=\"1187\" data-end=\"1244\">Dise\u00f1o futurista que mantiene la esencia cl\u00e1sica de Dior.<\/p>\n<\/li>\n<\/ul>\n","protected":false},"excerpt":{"rendered":"<h2 data-start=\"194\" data-end=\"248\"><strong data-start=\"197\" data-end=\"248\">Dior B22 \u2013 Elegancia aerodin\u00e1mica en movimiento<\/strong><\/h2>\n<p data-start=\"250\" data-end=\"571\">Las Dior B22 son la traducci\u00f3n sneaker de un superdeportivo silencioso. Sus l\u00edneas fluidas, casi l\u00edquidas, se deslizan desde la puntera hasta el tal\u00f3n como si la zapatilla estuviera trazando su propio viento.<\/p>\n<p data-start=\"573\" data-end=\"904\">Confeccionada en una mezcla de malla t\u00e9cnica ligera y refuerzos suaves, la B22 respira, flexiona y acompasa cada paso con la precisi\u00f3n de un metr\u00f3nomo. La suela \u2014delgada pero reactiva\u2014 ofrece una pisada el\u00e1stica, ligera, con un toque de rebote que recuerda a la tecnolog\u00eda del running moderno, aunque su alma es puro lujo parisino.<\/p>\n<h2 data-start=\"208\" data-end=\"281\"><span style=\"color: #333333; font-size: 16px;\">Adem\u00e1s, ahora puedes conseguirlas <\/span><strong style=\"color: #333333; font-size: 16px;\" data-start=\"559\" data-end=\"590\">f\u00e1cil, r\u00e1pido y sin riesgos<\/strong><span style=\"color: #333333; font-size: 16px;\">:<\/span><\/h2>\n<p data-start=\"525\" data-end=\"683\">\ud83d\udc49 <strong data-start=\"597\" data-end=\"623\">Env\u00edo r\u00e1pido en 24\u201348h<\/strong><br data-start=\"623\" data-end=\"626\" \/>\ud83d\udc49 <strong data-start=\"629\" data-end=\"683\">Pago contra reembolso (pagas al recibir tu pedido)<\/strong><\/p>\n","protected":false},"featured_media":87353,"comment_status":"open","ping_status":"closed","template":"","meta":[],"product_brand":[],"product_cat":[887,892,889],"product_tag":[],"class_list":{"0":"post-87329","1":"product","2":"type-product","3":"status-publish","4":"has-post-thumbnail","6":"product_cat-contrareembolso","7":"product_cat-contrareembolso-dior","8":"product_cat-contrareembolso-sneakers","10":"first","11":"instock","12":"sale","13":"shipping-taxable","14":"purchasable","15":"product-type-variable"},"_links":{"self":[{"href":"https:\/\/vulkanoshop.xyz\/index.php?rest_route=\/wp\/v2\/product\/87329","targetHints":{"allow":["GET"]}}],"collection":[{"href":"https:\/\/vulkanoshop.xyz\/index.php?rest_route=\/wp\/v2\/product"}],"about":[{"href":"https:\/\/vulkanoshop.xyz\/index.php?rest_route=\/wp\/v2\/types\/product"}],"replies":[{"embeddable":true,"href":"https:\/\/vulkanoshop.xyz\/index.php?rest_route=%2Fwp%2Fv2%2Fcomments&post=87329"}],"version-history":[{"count":1,"href":"https:\/\/vulkanoshop.xyz\/index.php?rest_route=\/wp\/v2\/product\/87329\/revisions"}],"predecessor-version":[{"id":87354,"href":"https:\/\/vulkanoshop.xyz\/index.php?rest_route=\/wp\/v2\/product\/87329\/revisions\/87354"}],"wp:featuredmedia":[{"embeddable":true,"href":"https:\/\/vulkanoshop.xyz\/index.php?rest_route=\/wp\/v2\/media\/87353"}],"wp:attachment":[{"href":"https:\/\/vulkanoshop.xyz\/index.php?rest_route=%2Fwp%2Fv2%2Fmedia&parent=87329"}],"wp:term":[{"taxonomy":"product_brand","embeddable":true,"href":"https:\/\/vulkanoshop.xyz\/index.php?rest_route=%2Fwp%2Fv2%2Fproduct_brand&post=87329"},{"taxonomy":"product_cat","embeddable":true,"href":"https:\/\/vulkanoshop.xyz\/index.php?rest_route=%2Fwp%2Fv2%2Fproduct_cat&post=87329"},{"taxonomy":"product_tag","embeddable":true,"href":"https:\/\/vulkanoshop.xyz\/index.php?rest_route=%2Fwp%2Fv2%2Fproduct_tag&post=87329"}],"curies":[{"name":"wp","href":"https:\/\/api.w.org\/{rel}","templated":true}]}}