{"id":87251,"date":"2026-03-02T06:05:40","date_gmt":"2026-03-02T06:05:40","guid":{"rendered":"https:\/\/vulkanoshop.xyz\/?post_type=product&#038;p=87251"},"modified":"2026-03-02T06:06:14","modified_gmt":"2026-03-02T06:06:14","slug":"asics-gel-kayano-14-plateadas-contrareembolso","status":"publish","type":"product","link":"https:\/\/vulkanoshop.xyz\/?product=asics-gel-kayano-14-plateadas-contrareembolso","title":{"rendered":"Asics Gel Kayano 14 &#8211; Plateadas &#8211; ContraReembolso"},"content":{"rendered":"<h2 data-start=\"1659\" data-end=\"1696\">\ud83d\udc5f <strong data-start=\"1665\" data-end=\"1696\">Especificaciones del modelo<\/strong><\/h2>\n<ul data-start=\"1698\" data-end=\"1951\">\n<li data-start=\"1698\" data-end=\"1739\">\n<p data-start=\"1700\" data-end=\"1739\">Tecnolog\u00eda: <strong data-start=\"1712\" data-end=\"1737\">GEL\u2122 + Soporte Kayano<\/strong><\/p>\n<\/li>\n<li data-start=\"1740\" data-end=\"1780\">\n<p data-start=\"1742\" data-end=\"1780\">Amortiguaci\u00f3n: Premium y muy estable<\/p>\n<\/li>\n<li data-start=\"1781\" data-end=\"1833\">\n<p data-start=\"1783\" data-end=\"1833\">Upper: Malla transpirable + refuerzos sint\u00e9ticos<\/p>\n<\/li>\n<li data-start=\"1834\" data-end=\"1872\">\n<p data-start=\"1836\" data-end=\"1872\">Suela: Alta tracci\u00f3n y durabilidad<\/p>\n<\/li>\n<li data-start=\"1903\" data-end=\"1951\">\n<p data-start=\"1905\" data-end=\"1951\">Estilo: Retro-running \/ Streetwear \/ Lifestyle<\/p>\n<\/li>\n<\/ul>\n","protected":false},"excerpt":{"rendered":"<h1 data-start=\"189\" data-end=\"263\">\ud83d\udd25 <strong data-start=\"194\" data-end=\"263\">ASICS Gel-Kayano 14 \u2013 Comodidad extrema\u00a0<\/strong><\/h1>\n<p data-start=\"265\" data-end=\"596\">Las <strong data-start=\"269\" data-end=\"292\">ASICS Gel-Kayano 14<\/strong> son uno de los modelos m\u00e1s populares y valorados por su <strong data-start=\"349\" data-end=\"389\">comodidad superior, soporte perfecto<\/strong> y est\u00e9tica retro-running que est\u00e1 arrasando en streetwear.<br data-start=\"448\" data-end=\"451\" \/>Inspiradas en el dise\u00f1o original de 2008, vuelven con una calidad impecable y una sensaci\u00f3n de pisada que te sorprender\u00e1 desde el primer momento.<\/p>\n<p data-start=\"598\" data-end=\"689\">Si buscas <strong data-start=\"608\" data-end=\"669\">estilo, confort y env\u00edo r\u00e1pido con Pago a Contrareembolso<\/strong>, este es tu modelo.<\/p>\n<h1 data-start=\"175\" data-end=\"234\"><span style=\"color: #333333; font-size: 16px;\">Adem\u00e1s, ahora puedes conseguirlas <\/span><strong style=\"color: #333333; font-size: 16px;\" data-start=\"559\" data-end=\"590\">f\u00e1cil, r\u00e1pido y sin riesgos<\/strong><span style=\"color: #333333; font-size: 16px;\">:<\/span><\/h1>\n<p data-start=\"525\" data-end=\"683\">\ud83d\udc49 <strong data-start=\"597\" data-end=\"623\">Env\u00edo r\u00e1pido en 24\u201348h<\/strong><br data-start=\"623\" data-end=\"626\" \/>\ud83d\udc49 <strong data-start=\"629\" data-end=\"683\">Pago contra reembolso (pagas al recibir tu pedido)<\/strong><\/p>\n","protected":false},"featured_media":87292,"comment_status":"open","ping_status":"closed","template":"","meta":[],"product_brand":[],"product_cat":[887,890,889],"product_tag":[],"class_list":{"0":"post-87251","1":"product","2":"type-product","3":"status-publish","4":"has-post-thumbnail","6":"product_cat-contrareembolso","7":"product_cat-contrareembolso-asics","8":"product_cat-contrareembolso-sneakers","10":"first","11":"instock","12":"sale","13":"shipping-taxable","14":"purchasable","15":"product-type-variable"},"_links":{"self":[{"href":"https:\/\/vulkanoshop.xyz\/index.php?rest_route=\/wp\/v2\/product\/87251","targetHints":{"allow":["GET"]}}],"collection":[{"href":"https:\/\/vulkanoshop.xyz\/index.php?rest_route=\/wp\/v2\/product"}],"about":[{"href":"https:\/\/vulkanoshop.xyz\/index.php?rest_route=\/wp\/v2\/types\/product"}],"replies":[{"embeddable":true,"href":"https:\/\/vulkanoshop.xyz\/index.php?rest_route=%2Fwp%2Fv2%2Fcomments&post=87251"}],"version-history":[{"count":1,"href":"https:\/\/vulkanoshop.xyz\/index.php?rest_route=\/wp\/v2\/product\/87251\/revisions"}],"predecessor-version":[{"id":87293,"href":"https:\/\/vulkanoshop.xyz\/index.php?rest_route=\/wp\/v2\/product\/87251\/revisions\/87293"}],"wp:featuredmedia":[{"embeddable":true,"href":"https:\/\/vulkanoshop.xyz\/index.php?rest_route=\/wp\/v2\/media\/87292"}],"wp:attachment":[{"href":"https:\/\/vulkanoshop.xyz\/index.php?rest_route=%2Fwp%2Fv2%2Fmedia&parent=87251"}],"wp:term":[{"taxonomy":"product_brand","embeddable":true,"href":"https:\/\/vulkanoshop.xyz\/index.php?rest_route=%2Fwp%2Fv2%2Fproduct_brand&post=87251"},{"taxonomy":"product_cat","embeddable":true,"href":"https:\/\/vulkanoshop.xyz\/index.php?rest_route=%2Fwp%2Fv2%2Fproduct_cat&post=87251"},{"taxonomy":"product_tag","embeddable":true,"href":"https:\/\/vulkanoshop.xyz\/index.php?rest_route=%2Fwp%2Fv2%2Fproduct_tag&post=87251"}],"curies":[{"name":"wp","href":"https:\/\/api.w.org\/{rel}","templated":true}]}}