{"id":87205,"date":"2026-03-02T06:05:16","date_gmt":"2026-03-02T06:05:16","guid":{"rendered":"https:\/\/vulkanoshop.xyz\/?post_type=product&#038;p=87205"},"modified":"2026-03-02T06:05:32","modified_gmt":"2026-03-02T06:05:32","slug":"airpods-pro-2-contrareembolso","status":"publish","type":"product","link":"https:\/\/vulkanoshop.xyz\/?product=airpods-pro-2-contrareembolso","title":{"rendered":"AirPods Pro 2 &#8211; Contrareembolso"},"content":{"rendered":"<h3 data-start=\"1160\" data-end=\"1194\">Caracter\u00edsticas principales:<\/h3>\n<ul data-start=\"1195\" data-end=\"1601\">\n<li data-start=\"1195\" data-end=\"1248\">\n<p data-start=\"1197\" data-end=\"1248\">Sonido mejorado con <strong data-start=\"1217\" data-end=\"1245\">Audio Espacial inmersivo<\/strong>.<\/p>\n<\/li>\n<li data-start=\"1249\" data-end=\"1316\">\n<p data-start=\"1251\" data-end=\"1316\"><strong data-start=\"1251\" data-end=\"1278\">Ecualizaci\u00f3n adaptativa<\/strong> para una experiencia personalizada.<\/p>\n<\/li>\n<li data-start=\"1317\" data-end=\"1360\">\n<p data-start=\"1319\" data-end=\"1360\">Dise\u00f1o m\u00e1s c\u00f3modo, ligero y ergon\u00f3mico.<\/p>\n<\/li>\n<li data-start=\"1361\" data-end=\"1434\">\n<p data-start=\"1363\" data-end=\"1434\">Estuche de carga <strong data-start=\"1380\" data-end=\"1391\">MagSafe<\/strong> con hasta <strong data-start=\"1402\" data-end=\"1431\">30 horas de bater\u00eda total<\/strong>.<\/p>\n<\/li>\n<li data-start=\"1435\" data-end=\"1477\">\n<p data-start=\"1437\" data-end=\"1477\">Resistencia al sudor y al agua (IPX4).<\/p>\n<\/li>\n<li data-start=\"1478\" data-end=\"1540\">\n<p data-start=\"1480\" data-end=\"1540\">Emparejamiento r\u00e1pido y autom\u00e1tico con dispositivos Apple.<\/p>\n<\/li>\n<li data-start=\"1541\" data-end=\"1601\">\n<p data-start=\"1543\" data-end=\"1601\">Controles t\u00e1ctiles para gestionar m\u00fasica, llamadas y Siri.<\/p>\n<\/li>\n<\/ul>\n","protected":false},"excerpt":{"rendered":"<p data-start=\"0\" data-end=\"34\"><strong data-start=\"0\" data-end=\"32\">AirPods Pro (2.\u00aa generaci\u00f3n)<\/strong><\/p>\n<p data-start=\"36\" data-end=\"394\">Descubre una experiencia de audio premium con los <strong data-start=\"86\" data-end=\"103\">AirPods Pro 2<\/strong>, dise\u00f1ados para ofrecer un sonido potente, claro y totalmente envolvente. Gracias a su <strong data-start=\"191\" data-end=\"231\">Cancelaci\u00f3n Activa de Ruido avanzada<\/strong>, reducen de forma inteligente el ruido exterior, mientras que el <strong data-start=\"297\" data-end=\"330\">modo Transparencia Adaptativa<\/strong> te permite escuchar tu entorno sin perder calidad ni seguridad.<\/p>\n<p data-start=\"396\" data-end=\"659\">Incorporan <strong data-start=\"407\" data-end=\"439\">audio espacial personalizado<\/strong> con seguimiento din\u00e1mico de la cabeza, creando una sensaci\u00f3n envolvente ideal para m\u00fasica, pel\u00edculas y juegos. Su nuevo <strong data-start=\"560\" data-end=\"571\">chip H2<\/strong> mejora el rendimiento del sonido, ofreciendo graves m\u00e1s profundos y agudos m\u00e1s n\u00edtidos.<\/p>\n<p data-start=\"661\" data-end=\"892\">El dise\u00f1o ergon\u00f3mico incluye <strong data-start=\"690\" data-end=\"736\">almohadillas de silicona en varios tama\u00f1os<\/strong>, garantizando comodidad y un ajuste seguro durante todo el d\u00eda. Adem\u00e1s, son <strong data-start=\"813\" data-end=\"847\">resistentes al sudor y al agua<\/strong>, perfectos para entrenamientos y uso diario.<\/p>\n<h2 data-start=\"208\" data-end=\"281\"><span style=\"color: #333333; font-size: 16px;\">Adem\u00e1s, ahora puedes conseguirlas <\/span><strong style=\"color: #333333; font-size: 16px;\" data-start=\"559\" data-end=\"590\">f\u00e1cil, r\u00e1pido y sin riesgos<\/strong><span style=\"color: #333333; font-size: 16px;\">:<\/span><\/h2>\n<p data-start=\"525\" data-end=\"683\">\ud83d\udc49 <strong data-start=\"597\" data-end=\"623\">Env\u00edo r\u00e1pido en 24\u201348h<\/strong><br data-start=\"623\" data-end=\"626\" \/>\ud83d\udc49 <strong data-start=\"629\" data-end=\"683\">Pago contra reembolso (pagas al recibir tu pedido)<\/strong><\/p>\n","protected":false},"featured_media":87233,"comment_status":"open","ping_status":"closed","template":"","meta":[],"product_brand":[],"product_cat":[887,896],"product_tag":[],"class_list":{"0":"post-87205","1":"product","2":"type-product","3":"status-publish","4":"has-post-thumbnail","6":"product_cat-contrareembolso","7":"product_cat-contrareembolso-airpods","9":"first","10":"outofstock","11":"sale","12":"shipping-taxable","13":"purchasable","14":"product-type-simple"},"_links":{"self":[{"href":"https:\/\/vulkanoshop.xyz\/index.php?rest_route=\/wp\/v2\/product\/87205","targetHints":{"allow":["GET"]}}],"collection":[{"href":"https:\/\/vulkanoshop.xyz\/index.php?rest_route=\/wp\/v2\/product"}],"about":[{"href":"https:\/\/vulkanoshop.xyz\/index.php?rest_route=\/wp\/v2\/types\/product"}],"replies":[{"embeddable":true,"href":"https:\/\/vulkanoshop.xyz\/index.php?rest_route=%2Fwp%2Fv2%2Fcomments&post=87205"}],"version-history":[{"count":1,"href":"https:\/\/vulkanoshop.xyz\/index.php?rest_route=\/wp\/v2\/product\/87205\/revisions"}],"predecessor-version":[{"id":87234,"href":"https:\/\/vulkanoshop.xyz\/index.php?rest_route=\/wp\/v2\/product\/87205\/revisions\/87234"}],"wp:featuredmedia":[{"embeddable":true,"href":"https:\/\/vulkanoshop.xyz\/index.php?rest_route=\/wp\/v2\/media\/87233"}],"wp:attachment":[{"href":"https:\/\/vulkanoshop.xyz\/index.php?rest_route=%2Fwp%2Fv2%2Fmedia&parent=87205"}],"wp:term":[{"taxonomy":"product_brand","embeddable":true,"href":"https:\/\/vulkanoshop.xyz\/index.php?rest_route=%2Fwp%2Fv2%2Fproduct_brand&post=87205"},{"taxonomy":"product_cat","embeddable":true,"href":"https:\/\/vulkanoshop.xyz\/index.php?rest_route=%2Fwp%2Fv2%2Fproduct_cat&post=87205"},{"taxonomy":"product_tag","embeddable":true,"href":"https:\/\/vulkanoshop.xyz\/index.php?rest_route=%2Fwp%2Fv2%2Fproduct_tag&post=87205"}],"curies":[{"name":"wp","href":"https:\/\/api.w.org\/{rel}","templated":true}]}}