{"id":86625,"date":"2026-03-02T06:01:12","date_gmt":"2026-03-02T06:01:12","guid":{"rendered":"https:\/\/vulkanoshop.xyz\/?post_type=product&#038;p=86625"},"modified":"2026-03-02T06:01:17","modified_gmt":"2026-03-02T06:01:17","slug":"fc-barcelona-primera-equipacion-25-26-ed-sheeran","status":"publish","type":"product","link":"https:\/\/vulkanoshop.xyz\/?product=fc-barcelona-primera-equipacion-25-26-ed-sheeran","title":{"rendered":"FC Barcelona Primera Equipaci\u00f3n 25-26 &#8211; Ed Sheeran"},"content":{"rendered":"<p data-start=\"659\" data-end=\"942\">Vive la pasi\u00f3n blaugrana con la C<strong data-start=\"691\" data-end=\"748\">amiseta oficial del FC Barcelona Temporada 2025-2026<\/strong>, dise\u00f1ada por <strong data-start=\"763\" data-end=\"771\">Nike<\/strong>. Esta nueva equipaci\u00f3n combina innovaci\u00f3n y tradici\u00f3n, incorporando los colores emblem\u00e1ticos del Bar\u00e7a con un dise\u00f1o renovado que rinde homenaje al esp\u00edritu del Camp Nou. Disfruta esta colaboraci\u00f3n del FC Barcelona con Kobe Bryant.<\/p>\n<p data-start=\"944\" data-end=\"1287\">Confeccionada con tecnolog\u00eda <strong data-start=\"973\" data-end=\"989\">Nike Dri-FIT<\/strong>, esta camiseta garantiza comodidad, transpirabilidad y rendimiento, ya sea que la uses para entrenar, salir o apoyar al equipo desde las gradas. El escudo del FC Barcelona est\u00e1 bordado en el pecho junto al logo de Nike, mientras que los detalles en el cuello y las mangas destacan el orgullo cul\u00e9.<\/p>\n<p data-start=\"1289\" data-end=\"1479\">Disponible en todas las tallas, esta camiseta es perfecta tanto para <strong data-start=\"1358\" data-end=\"1373\">aficionados<\/strong> como para <strong data-start=\"1384\" data-end=\"1402\">coleccionistas<\/strong> que buscan tener lo \u00faltimo del Bar\u00e7a en su colecci\u00f3n. Producto 100% oficial.<\/p>\n","protected":false},"excerpt":{"rendered":"<p>Ya disponible la exclusiva colaboraci\u00f3n entre el FC BARCELONA y el artista del momento Ed Sheeran.<\/p>\n<p>Primera equipaci\u00f3n oficial del conjunto blaugrana con el logo \u00abPLAY\u00bb icono de la marca personal del artista. Camiseta utilizada entre el Real Madrid y el FC Barcelona en el Cl\u00e1sico.<\/p>\n","protected":false},"featured_media":86631,"comment_status":"closed","ping_status":"closed","template":"","meta":[],"product_brand":[],"product_cat":[677,845,690,846,847,678],"product_tag":[],"class_list":{"0":"post-86625","1":"product","2":"type-product","3":"status-publish","4":"has-post-thumbnail","6":"product_cat-camisetas-general","7":"product_cat-camisetas-25-26","8":"product_cat-fcbarcelona","9":"product_cat-fcbarcelona-25-26","10":"product_cat-la-liga-camisetas-25-26","11":"product_cat-la-liga","13":"first","14":"instock","15":"sale","16":"shipping-taxable","17":"purchasable","18":"product-type-variable"},"_links":{"self":[{"href":"https:\/\/vulkanoshop.xyz\/index.php?rest_route=\/wp\/v2\/product\/86625","targetHints":{"allow":["GET"]}}],"collection":[{"href":"https:\/\/vulkanoshop.xyz\/index.php?rest_route=\/wp\/v2\/product"}],"about":[{"href":"https:\/\/vulkanoshop.xyz\/index.php?rest_route=\/wp\/v2\/types\/product"}],"replies":[{"embeddable":true,"href":"https:\/\/vulkanoshop.xyz\/index.php?rest_route=%2Fwp%2Fv2%2Fcomments&post=86625"}],"version-history":[{"count":1,"href":"https:\/\/vulkanoshop.xyz\/index.php?rest_route=\/wp\/v2\/product\/86625\/revisions"}],"predecessor-version":[{"id":86632,"href":"https:\/\/vulkanoshop.xyz\/index.php?rest_route=\/wp\/v2\/product\/86625\/revisions\/86632"}],"wp:featuredmedia":[{"embeddable":true,"href":"https:\/\/vulkanoshop.xyz\/index.php?rest_route=\/wp\/v2\/media\/86631"}],"wp:attachment":[{"href":"https:\/\/vulkanoshop.xyz\/index.php?rest_route=%2Fwp%2Fv2%2Fmedia&parent=86625"}],"wp:term":[{"taxonomy":"product_brand","embeddable":true,"href":"https:\/\/vulkanoshop.xyz\/index.php?rest_route=%2Fwp%2Fv2%2Fproduct_brand&post=86625"},{"taxonomy":"product_cat","embeddable":true,"href":"https:\/\/vulkanoshop.xyz\/index.php?rest_route=%2Fwp%2Fv2%2Fproduct_cat&post=86625"},{"taxonomy":"product_tag","embeddable":true,"href":"https:\/\/vulkanoshop.xyz\/index.php?rest_route=%2Fwp%2Fv2%2Fproduct_tag&post=86625"}],"curies":[{"name":"wp","href":"https:\/\/api.w.org\/{rel}","templated":true}]}}