{"id":85856,"date":"2026-03-02T05:55:26","date_gmt":"2026-03-02T05:55:26","guid":{"rendered":"https:\/\/vulkanoshop.xyz\/?post_type=product&#038;p=85856"},"modified":"2026-03-02T05:58:17","modified_gmt":"2026-03-02T05:58:17","slug":"lille-losc-segunda-equipacion-25-26","status":"publish","type":"product","link":"https:\/\/vulkanoshop.xyz\/?product=lille-losc-segunda-equipacion-25-26","title":{"rendered":"Lille LOSC Segunda Equipaci\u00f3n 25-26"},"content":{"rendered":"<div class=\"flex-shrink-0 flex flex-col relative items-end\">\n<div>\n<div class=\"pt-0\">\n<div class=\"gizmo-bot-avatar flex h-8 w-8 items-center justify-center overflow-hidden rounded-full\">\n<div class=\"relative p-1 rounded-sm flex items-center justify-center bg-token-main-surface-primary text-token-text-primary h-8 w-8\"><\/div>\n<\/div>\n<\/div>\n<\/div>\n<\/div>\n<div class=\"group\/conversation-turn relative flex w-full min-w-0 flex-col agent-turn\">\n<div class=\"flex-col gap-1 md:gap-3\">\n<div class=\"flex max-w-full flex-col flex-grow\">\n<div class=\"min-h-8 text-message flex w-full flex-col items-end gap-2 whitespace-normal break-words [.text-message+&amp;]:mt-5\" dir=\"auto\" data-message-author-role=\"assistant\" data-message-id=\"4adb4800-e726-437c-8de2-0d71c481f3c7\" data-client-thread-id=\"6740d3dc-f670-8008-9e10-af8a5febf578\" data-message-model-slug=\"gpt-4o-mini\">\n<div class=\"flex w-full flex-col gap-1 empty:hidden first:pt-[3px]\">\n<div class=\"markdown prose w-full break-words dark:prose-invert light\">\n<p>La segunda equipaci\u00f3n del Lille LOSC para la temporada 25\/26 es una prenda que fusiona el estilo moderno con la tradici\u00f3n de uno de los clubes m\u00e1s prestigiosos del mundo. Con un dise\u00f1o elegante en los colores cl\u00e1sicos azul, blanco y rojo, esta camiseta refleja el esp\u00edritu vanguardista del Lille mientras mantiene la esencia que ha caracterizado al club a lo largo de los a\u00f1os.<\/p>\n<p>Confeccionada con materiales de \u00faltima tecnolog\u00eda y un sistema avanzado de absorci\u00f3n de humedad, ofrece una comodidad excepcional durante el partido o en el d\u00eda a d\u00eda. El escudo del Lille LOSC se presenta con orgullo en el pecho, junto al logo del patrocinador, ambos integrados de manera armoniosa en el dise\u00f1o. Disponible en todas las tallas, esta camiseta es ideal para los aficionados que desean llevar con orgullo los colores del Lille. \u00a1Hazla tuya y apoya al Lile LOSC con distinci\u00f3n y estilo!<\/p>\n<\/div>\n<\/div>\n<\/div>\n<\/div>\n<\/div>\n<\/div>\n","protected":false},"excerpt":{"rendered":"<p>La segunda equipaci\u00f3n del Lille LOSC para la temporada 25\/26 es una prenda que fusiona el estilo moderno con la<\/p>\n","protected":false},"featured_media":85958,"comment_status":"closed","ping_status":"closed","template":"","meta":[],"product_brand":[],"product_cat":[677,864,684],"product_tag":[],"class_list":{"0":"post-85856","1":"product","2":"type-product","3":"status-publish","4":"has-post-thumbnail","6":"product_cat-camisetas-general","7":"product_cat-l1","8":"product_cat-ligue-1","10":"first","11":"instock","12":"sale","13":"shipping-taxable","14":"purchasable","15":"product-type-variable"},"_links":{"self":[{"href":"https:\/\/vulkanoshop.xyz\/index.php?rest_route=\/wp\/v2\/product\/85856","targetHints":{"allow":["GET"]}}],"collection":[{"href":"https:\/\/vulkanoshop.xyz\/index.php?rest_route=\/wp\/v2\/product"}],"about":[{"href":"https:\/\/vulkanoshop.xyz\/index.php?rest_route=\/wp\/v2\/types\/product"}],"replies":[{"embeddable":true,"href":"https:\/\/vulkanoshop.xyz\/index.php?rest_route=%2Fwp%2Fv2%2Fcomments&post=85856"}],"version-history":[{"count":1,"href":"https:\/\/vulkanoshop.xyz\/index.php?rest_route=\/wp\/v2\/product\/85856\/revisions"}],"predecessor-version":[{"id":85959,"href":"https:\/\/vulkanoshop.xyz\/index.php?rest_route=\/wp\/v2\/product\/85856\/revisions\/85959"}],"wp:featuredmedia":[{"embeddable":true,"href":"https:\/\/vulkanoshop.xyz\/index.php?rest_route=\/wp\/v2\/media\/85958"}],"wp:attachment":[{"href":"https:\/\/vulkanoshop.xyz\/index.php?rest_route=%2Fwp%2Fv2%2Fmedia&parent=85856"}],"wp:term":[{"taxonomy":"product_brand","embeddable":true,"href":"https:\/\/vulkanoshop.xyz\/index.php?rest_route=%2Fwp%2Fv2%2Fproduct_brand&post=85856"},{"taxonomy":"product_cat","embeddable":true,"href":"https:\/\/vulkanoshop.xyz\/index.php?rest_route=%2Fwp%2Fv2%2Fproduct_cat&post=85856"},{"taxonomy":"product_tag","embeddable":true,"href":"https:\/\/vulkanoshop.xyz\/index.php?rest_route=%2Fwp%2Fv2%2Fproduct_tag&post=85856"}],"curies":[{"name":"wp","href":"https:\/\/api.w.org\/{rel}","templated":true}]}}