{"id":84691,"date":"2026-03-02T05:44:46","date_gmt":"2026-03-02T05:44:46","guid":{"rendered":"https:\/\/vulkanoshop.xyz\/?post_type=product&#038;p=84691"},"modified":"2026-03-02T05:45:13","modified_gmt":"2026-03-02T05:45:13","slug":"sudadera-off-white-naranja","status":"publish","type":"product","link":"https:\/\/vulkanoshop.xyz\/?product=sudadera-off-white-naranja","title":{"rendered":"Sudadera Off-White &#8211; Naranja"},"content":{"rendered":"","protected":false},"excerpt":{"rendered":"<p data-start=\"65\" data-end=\"123\"><strong data-start=\"65\" data-end=\"121\">Sudadera Off-White \u2013 Streetwear con visi\u00f3n art\u00edstica<\/strong><\/p>\n<p data-start=\"125\" data-end=\"483\">Una prenda que combina comodidad y dise\u00f1o conceptual.<br data-start=\"178\" data-end=\"181\" \/>Confeccionada en algod\u00f3n premium, esta sudadera refleja la est\u00e9tica inconfundible de Off-White, con gr\u00e1ficos de inspiraci\u00f3n contempor\u00e1nea y el caracter\u00edstico uso del logo y detalles tipogr\u00e1ficos. Una pieza que trasciende lo casual para convertirse en declaraci\u00f3n de estilo urbano con alma de galer\u00eda.<\/p>\n","protected":false},"featured_media":84700,"comment_status":"open","ping_status":"closed","template":"","meta":[],"product_brand":[],"product_cat":[794,798,801,818],"product_tag":[],"class_list":{"0":"post-84691","1":"product","2":"type-product","3":"status-publish","4":"has-post-thumbnail","6":"product_cat-otono-invierno-2025","7":"product_cat-ropa","8":"product_cat-sudaderas-ropa","9":"product_cat-sudaderas-off-white","11":"first","12":"instock","13":"sale","14":"shipping-taxable","15":"purchasable","16":"product-type-variable"},"_links":{"self":[{"href":"https:\/\/vulkanoshop.xyz\/index.php?rest_route=\/wp\/v2\/product\/84691","targetHints":{"allow":["GET"]}}],"collection":[{"href":"https:\/\/vulkanoshop.xyz\/index.php?rest_route=\/wp\/v2\/product"}],"about":[{"href":"https:\/\/vulkanoshop.xyz\/index.php?rest_route=\/wp\/v2\/types\/product"}],"replies":[{"embeddable":true,"href":"https:\/\/vulkanoshop.xyz\/index.php?rest_route=%2Fwp%2Fv2%2Fcomments&post=84691"}],"version-history":[{"count":1,"href":"https:\/\/vulkanoshop.xyz\/index.php?rest_route=\/wp\/v2\/product\/84691\/revisions"}],"predecessor-version":[{"id":84701,"href":"https:\/\/vulkanoshop.xyz\/index.php?rest_route=\/wp\/v2\/product\/84691\/revisions\/84701"}],"wp:featuredmedia":[{"embeddable":true,"href":"https:\/\/vulkanoshop.xyz\/index.php?rest_route=\/wp\/v2\/media\/84700"}],"wp:attachment":[{"href":"https:\/\/vulkanoshop.xyz\/index.php?rest_route=%2Fwp%2Fv2%2Fmedia&parent=84691"}],"wp:term":[{"taxonomy":"product_brand","embeddable":true,"href":"https:\/\/vulkanoshop.xyz\/index.php?rest_route=%2Fwp%2Fv2%2Fproduct_brand&post=84691"},{"taxonomy":"product_cat","embeddable":true,"href":"https:\/\/vulkanoshop.xyz\/index.php?rest_route=%2Fwp%2Fv2%2Fproduct_cat&post=84691"},{"taxonomy":"product_tag","embeddable":true,"href":"https:\/\/vulkanoshop.xyz\/index.php?rest_route=%2Fwp%2Fv2%2Fproduct_tag&post=84691"}],"curies":[{"name":"wp","href":"https:\/\/api.w.org\/{rel}","templated":true}]}}