{"id":84648,"date":"2026-03-02T05:44:21","date_gmt":"2026-03-02T05:44:21","guid":{"rendered":"https:\/\/vulkanoshop.xyz\/?post_type=product&#038;p=84648"},"modified":"2026-03-02T05:44:30","modified_gmt":"2026-03-02T05:44:30","slug":"rinonera-bolso-dior-classic-black","status":"publish","type":"product","link":"https:\/\/vulkanoshop.xyz\/?product=rinonera-bolso-dior-classic-black","title":{"rendered":"Ri\u00f1onera\/Bolso Dior &#8211; Classic Black"},"content":{"rendered":"","protected":false},"excerpt":{"rendered":"<p>Este bolso Dior es la m\u00e1xima expresi\u00f3n de elegancia y exclusividad. Confeccionado con materiales de alta calidad y un dise\u00f1o ic\u00f3nico, combina a la perfecci\u00f3n artesan\u00eda y estilo. Sus detalles refinados y acabados impecables lo convierten en el complemento ideal para realzar cualquier look con distinci\u00f3n. Un s\u00edmbolo de lujo atemporal para quienes buscan sofisticaci\u00f3n en cada detalle.<\/p>\n","protected":false},"featured_media":84654,"comment_status":"open","ping_status":"closed","template":"","meta":[],"product_brand":[],"product_cat":[794,707,708],"product_tag":[],"class_list":{"0":"post-84648","1":"product","2":"type-product","3":"status-publish","4":"has-post-thumbnail","6":"product_cat-otono-invierno-2025","7":"product_cat-rinoneras","8":"product_cat-rinoneras-dior","10":"first","11":"instock","12":"sale","13":"shipping-taxable","14":"purchasable","15":"product-type-simple"},"_links":{"self":[{"href":"https:\/\/vulkanoshop.xyz\/index.php?rest_route=\/wp\/v2\/product\/84648","targetHints":{"allow":["GET"]}}],"collection":[{"href":"https:\/\/vulkanoshop.xyz\/index.php?rest_route=\/wp\/v2\/product"}],"about":[{"href":"https:\/\/vulkanoshop.xyz\/index.php?rest_route=\/wp\/v2\/types\/product"}],"replies":[{"embeddable":true,"href":"https:\/\/vulkanoshop.xyz\/index.php?rest_route=%2Fwp%2Fv2%2Fcomments&post=84648"}],"version-history":[{"count":1,"href":"https:\/\/vulkanoshop.xyz\/index.php?rest_route=\/wp\/v2\/product\/84648\/revisions"}],"predecessor-version":[{"id":84655,"href":"https:\/\/vulkanoshop.xyz\/index.php?rest_route=\/wp\/v2\/product\/84648\/revisions\/84655"}],"wp:featuredmedia":[{"embeddable":true,"href":"https:\/\/vulkanoshop.xyz\/index.php?rest_route=\/wp\/v2\/media\/84654"}],"wp:attachment":[{"href":"https:\/\/vulkanoshop.xyz\/index.php?rest_route=%2Fwp%2Fv2%2Fmedia&parent=84648"}],"wp:term":[{"taxonomy":"product_brand","embeddable":true,"href":"https:\/\/vulkanoshop.xyz\/index.php?rest_route=%2Fwp%2Fv2%2Fproduct_brand&post=84648"},{"taxonomy":"product_cat","embeddable":true,"href":"https:\/\/vulkanoshop.xyz\/index.php?rest_route=%2Fwp%2Fv2%2Fproduct_cat&post=84648"},{"taxonomy":"product_tag","embeddable":true,"href":"https:\/\/vulkanoshop.xyz\/index.php?rest_route=%2Fwp%2Fv2%2Fproduct_tag&post=84648"}],"curies":[{"name":"wp","href":"https:\/\/api.w.org\/{rel}","templated":true}]}}