{"id":84130,"date":"2026-03-02T05:37:58","date_gmt":"2026-03-02T05:37:58","guid":{"rendered":"https:\/\/vulkanoshop.xyz\/?post_type=product&#038;p=84130"},"modified":"2026-03-02T05:39:06","modified_gmt":"2026-03-02T05:39:06","slug":"puma-speedcat-marrones","status":"publish","type":"product","link":"https:\/\/vulkanoshop.xyz\/?product=puma-speedcat-marrones","title":{"rendered":"Puma SpeedCat &#8211; Marrones"},"content":{"rendered":"<h4 data-start=\"904\" data-end=\"940\"><strong data-start=\"909\" data-end=\"940\">Caracter\u00edsticas destacadas:<\/strong><\/h4>\n<ul data-start=\"941\" data-end=\"1209\">\n<li data-start=\"941\" data-end=\"988\">\n<p data-start=\"943\" data-end=\"988\">Dise\u00f1o cl\u00e1sico inspirado en el automovilismo.<\/p>\n<\/li>\n<li data-start=\"989\" data-end=\"1052\">\n<p data-start=\"991\" data-end=\"1052\">Parte superior de gamuza o cuero para mayor estilo y confort.<\/p>\n<\/li>\n<li data-start=\"1053\" data-end=\"1112\">\n<p data-start=\"1055\" data-end=\"1112\">Suela de goma de perfil bajo para una tracci\u00f3n excelente.<\/p>\n<\/li>\n<li data-start=\"1113\" data-end=\"1164\">\n<p data-start=\"1115\" data-end=\"1164\">Leng\u00fceta y tal\u00f3n acolchados para mayor comodidad.<\/p>\n<\/li>\n<li data-start=\"1165\" data-end=\"1209\">\n<p data-start=\"1167\" data-end=\"1209\">Logo Puma Cat en el lateral y la leng\u00fceta.<\/p>\n<\/li>\n<\/ul>\n","protected":false},"excerpt":{"rendered":"<h3 data-start=\"148\" data-end=\"210\"><strong data-start=\"152\" data-end=\"210\">Puma Speedcat: Velocidad, estilo y legado en cada paso<\/strong><\/h3>\n<p data-start=\"212\" data-end=\"605\">Inspiradas en el mundo de las carreras, las <strong data-start=\"256\" data-end=\"273\">Puma Speedcat<\/strong> son un \u00edcono atemporal que combina el rendimiento deportivo con un dise\u00f1o urbano y elegante. Originalmente dise\u00f1adas para los pilotos de F\u00f3rmula 1, estas zapatillas destacan por su perfil bajo, suela delgada y una silueta estilizada que ofrece una conexi\u00f3n \u00fanica con el suelo, perfecta tanto para el manejo como para el uso diario.<\/p>\n","protected":false},"featured_media":84184,"comment_status":"open","ping_status":"closed","template":"","meta":[],"product_brand":[],"product_cat":[787,788],"product_tag":[],"class_list":{"0":"post-84130","1":"product","2":"type-product","3":"status-publish","4":"has-post-thumbnail","6":"product_cat-puma","7":"product_cat-speedcat","9":"first","10":"instock","11":"sale","12":"shipping-taxable","13":"purchasable","14":"product-type-variable"},"_links":{"self":[{"href":"https:\/\/vulkanoshop.xyz\/index.php?rest_route=\/wp\/v2\/product\/84130","targetHints":{"allow":["GET"]}}],"collection":[{"href":"https:\/\/vulkanoshop.xyz\/index.php?rest_route=\/wp\/v2\/product"}],"about":[{"href":"https:\/\/vulkanoshop.xyz\/index.php?rest_route=\/wp\/v2\/types\/product"}],"replies":[{"embeddable":true,"href":"https:\/\/vulkanoshop.xyz\/index.php?rest_route=%2Fwp%2Fv2%2Fcomments&post=84130"}],"version-history":[{"count":1,"href":"https:\/\/vulkanoshop.xyz\/index.php?rest_route=\/wp\/v2\/product\/84130\/revisions"}],"predecessor-version":[{"id":84185,"href":"https:\/\/vulkanoshop.xyz\/index.php?rest_route=\/wp\/v2\/product\/84130\/revisions\/84185"}],"wp:featuredmedia":[{"embeddable":true,"href":"https:\/\/vulkanoshop.xyz\/index.php?rest_route=\/wp\/v2\/media\/84184"}],"wp:attachment":[{"href":"https:\/\/vulkanoshop.xyz\/index.php?rest_route=%2Fwp%2Fv2%2Fmedia&parent=84130"}],"wp:term":[{"taxonomy":"product_brand","embeddable":true,"href":"https:\/\/vulkanoshop.xyz\/index.php?rest_route=%2Fwp%2Fv2%2Fproduct_brand&post=84130"},{"taxonomy":"product_cat","embeddable":true,"href":"https:\/\/vulkanoshop.xyz\/index.php?rest_route=%2Fwp%2Fv2%2Fproduct_cat&post=84130"},{"taxonomy":"product_tag","embeddable":true,"href":"https:\/\/vulkanoshop.xyz\/index.php?rest_route=%2Fwp%2Fv2%2Fproduct_tag&post=84130"}],"curies":[{"name":"wp","href":"https:\/\/api.w.org\/{rel}","templated":true}]}}