{"id":83983,"date":"2026-03-02T05:36:29","date_gmt":"2026-03-02T05:36:29","guid":{"rendered":"https:\/\/vulkanoshop.xyz\/?post_type=product&#038;p=83983"},"modified":"2026-03-02T05:36:42","modified_gmt":"2026-03-02T05:36:42","slug":"van-cleef-arpels-p171","status":"publish","type":"product","link":"https:\/\/vulkanoshop.xyz\/?product=van-cleef-arpels-p171","title":{"rendered":"Van Cleef &#038; Arpels &#8211; P171"},"content":{"rendered":"<h3 data-start=\"191\" data-end=\"239\">\ud83d\udc8e <strong data-start=\"198\" data-end=\"239\">Caracter\u00edsticas de Van Cleef &amp; Arpels<\/strong><\/h3>\n<h4 data-start=\"241\" data-end=\"275\">1. <strong data-start=\"249\" data-end=\"275\">Alta Joyer\u00eda Artesanal<\/strong><\/h4>\n<ul data-start=\"276\" data-end=\"484\">\n<li data-start=\"276\" data-end=\"359\">\n<p data-start=\"278\" data-end=\"359\">Cada pieza se realiza a mano por expertos artesanos en los talleres de la Maison.<\/p>\n<\/li>\n<li data-start=\"360\" data-end=\"484\">\n<p data-start=\"362\" data-end=\"484\">Se utilizan t\u00e9cnicas tradicionales de orfebrer\u00eda como el <strong data-start=\"419\" data-end=\"439\">serti myst\u00e9rieux<\/strong> (engaste misterioso), exclusivo de la marca.<\/p>\n<\/li>\n<\/ul>\n<h4 data-start=\"486\" data-end=\"524\">2. <strong data-start=\"494\" data-end=\"524\">Materiales de Alta Calidad<\/strong><\/h4>\n<ul data-start=\"525\" data-end=\"822\">\n<li data-start=\"525\" data-end=\"583\">\n<p data-start=\"527\" data-end=\"583\">Uso de <strong data-start=\"534\" data-end=\"556\">oro de 18 quilates<\/strong> (amarillo, blanco o rosa).<\/p>\n<\/li>\n<li data-start=\"584\" data-end=\"737\">\n<p data-start=\"586\" data-end=\"737\">Gemas preciosas seleccionadas rigurosamente: <strong data-start=\"631\" data-end=\"723\">diamantes, zafiros, esmeraldas, rub\u00edes, madreperla, \u00f3nix, malaquita, turquesa, cornalina<\/strong>, entre otras.<\/p>\n<\/li>\n<li data-start=\"738\" data-end=\"822\">\n<p data-start=\"740\" data-end=\"822\">Solo se emplean diamantes de <strong data-start=\"769\" data-end=\"786\">calidad D a F<\/strong> en color y <strong data-start=\"798\" data-end=\"809\">IF a VS<\/strong> en claridad.<\/p>\n<\/li>\n<\/ul>\n<h4 data-start=\"824\" data-end=\"865\">3. <strong data-start=\"832\" data-end=\"865\">Dise\u00f1os Ic\u00f3nicos y Simb\u00f3licos<\/strong><\/h4>\n<ul data-start=\"866\" data-end=\"1183\">\n<li data-start=\"866\" data-end=\"949\">\n<p data-start=\"868\" data-end=\"949\">Colecci\u00f3n <strong data-start=\"878\" data-end=\"890\">Alhambra<\/strong>: tr\u00e9boles de cuatro hojas que simbolizan suerte y armon\u00eda.<\/p>\n<\/li>\n<li data-start=\"950\" data-end=\"1028\">\n<p data-start=\"952\" data-end=\"1028\"><strong data-start=\"952\" data-end=\"963\">Frivole<\/strong>: flores estilizadas con p\u00e9talos asim\u00e9tricos que capturan la luz.<\/p>\n<\/li>\n<li data-start=\"1029\" data-end=\"1104\">\n<p data-start=\"1031\" data-end=\"1104\"><strong data-start=\"1031\" data-end=\"1041\">Perl\u00e9e<\/strong>: detalles de perlas de oro que realzan el contorno de la joya.<\/p>\n<\/li>\n<li data-start=\"1105\" data-end=\"1183\"><\/li>\n<\/ul>\n","protected":false},"excerpt":{"rendered":"<h3 data-start=\"320\" data-end=\"379\">\u2728 <strong data-start=\"326\" data-end=\"357\">Pulseras Van Cleef &amp; Arpels<\/strong> \u2013 Elegancia Atemporal<\/h3>\n<p data-start=\"381\" data-end=\"743\">Las pulseras Van Cleef &amp; Arpels son el reflejo perfecto de la <strong data-start=\"443\" data-end=\"468\">alta joyer\u00eda francesa<\/strong>, donde la <strong data-start=\"479\" data-end=\"503\">delicadeza artesanal<\/strong>, la <strong data-start=\"508\" data-end=\"529\">belleza atemporal<\/strong> y la <strong data-start=\"535\" data-end=\"558\">inspiraci\u00f3n po\u00e9tica<\/strong> se entrelazan para dar vida a piezas \u00fanicas. Cada creaci\u00f3n es fruto de una tradici\u00f3n centenaria, donde el arte del detalle y la pasi\u00f3n por la excelencia se convierten en protagonistas.<\/p>\n<p data-start=\"745\" data-end=\"1104\">Ya sea con los ic\u00f3nicos <strong data-start=\"769\" data-end=\"789\">motivos Alhambra<\/strong>, que simbolizan la suerte y la armon\u00eda, o con dise\u00f1os florales como <strong data-start=\"858\" data-end=\"869\">Frivole<\/strong> y <strong data-start=\"872\" data-end=\"882\">Perl\u00e9e<\/strong>, cada pulsera est\u00e1 elaborada con materiales preciosos \u2014<strong data-start=\"938\" data-end=\"969\">oro amarillo, blanco o rosa<\/strong>, a menudo realzados con <strong data-start=\"994\" data-end=\"1039\">madreperla, piedras preciosas o diamantes<\/strong>\u2014, que elevan cada pieza a un nivel de sofisticaci\u00f3n excepcional.<\/p>\n<p data-start=\"1106\" data-end=\"1298\">Dise\u00f1adas para resaltar la feminidad con sutileza y elegancia, las pulseras Van Cleef &amp; Arpels son m\u00e1s que un accesorio: <strong data-start=\"1227\" data-end=\"1297\">son una declaraci\u00f3n de estilo, de herencia y de amor por lo eterno<\/strong>.<\/p>\n<p data-start=\"1300\" data-end=\"1451\">Perfectas para lucirse solas o combinadas en un juego armonioso, estas joyas acompa\u00f1an los momentos m\u00e1s especiales de la vida con gracia y significado.<\/p>\n","protected":false},"featured_media":84012,"comment_status":"open","ping_status":"closed","template":"","meta":[],"product_brand":[],"product_cat":[710,782,783],"product_tag":[],"class_list":{"0":"post-83983","1":"product","2":"type-product","3":"status-publish","4":"has-post-thumbnail","6":"product_cat-accesorios-nueva-general","7":"product_cat-pulseras","8":"product_cat-van-cleef-arpels","10":"first","11":"instock","12":"sale","13":"shipping-taxable","14":"purchasable","15":"product-type-simple"},"_links":{"self":[{"href":"https:\/\/vulkanoshop.xyz\/index.php?rest_route=\/wp\/v2\/product\/83983","targetHints":{"allow":["GET"]}}],"collection":[{"href":"https:\/\/vulkanoshop.xyz\/index.php?rest_route=\/wp\/v2\/product"}],"about":[{"href":"https:\/\/vulkanoshop.xyz\/index.php?rest_route=\/wp\/v2\/types\/product"}],"replies":[{"embeddable":true,"href":"https:\/\/vulkanoshop.xyz\/index.php?rest_route=%2Fwp%2Fv2%2Fcomments&post=83983"}],"version-history":[{"count":1,"href":"https:\/\/vulkanoshop.xyz\/index.php?rest_route=\/wp\/v2\/product\/83983\/revisions"}],"predecessor-version":[{"id":84013,"href":"https:\/\/vulkanoshop.xyz\/index.php?rest_route=\/wp\/v2\/product\/83983\/revisions\/84013"}],"wp:featuredmedia":[{"embeddable":true,"href":"https:\/\/vulkanoshop.xyz\/index.php?rest_route=\/wp\/v2\/media\/84012"}],"wp:attachment":[{"href":"https:\/\/vulkanoshop.xyz\/index.php?rest_route=%2Fwp%2Fv2%2Fmedia&parent=83983"}],"wp:term":[{"taxonomy":"product_brand","embeddable":true,"href":"https:\/\/vulkanoshop.xyz\/index.php?rest_route=%2Fwp%2Fv2%2Fproduct_brand&post=83983"},{"taxonomy":"product_cat","embeddable":true,"href":"https:\/\/vulkanoshop.xyz\/index.php?rest_route=%2Fwp%2Fv2%2Fproduct_cat&post=83983"},{"taxonomy":"product_tag","embeddable":true,"href":"https:\/\/vulkanoshop.xyz\/index.php?rest_route=%2Fwp%2Fv2%2Fproduct_tag&post=83983"}],"curies":[{"name":"wp","href":"https:\/\/api.w.org\/{rel}","templated":true}]}}