{"id":83629,"date":"2026-03-02T05:34:00","date_gmt":"2026-03-02T05:34:00","guid":{"rendered":"https:\/\/vulkanoshop.xyz\/?post_type=product&#038;p=83629"},"modified":"2026-03-02T05:34:09","modified_gmt":"2026-03-02T05:34:09","slug":"gafas-de-sol-louis-vuitton-28","status":"publish","type":"product","link":"https:\/\/vulkanoshop.xyz\/?product=gafas-de-sol-louis-vuitton-28","title":{"rendered":"Gafas de Sol &#8211; Louis Vuitton"},"content":{"rendered":"<ul data-start=\"138\" data-end=\"530\">\n<li data-start=\"138\" data-end=\"166\">\n<p data-start=\"140\" data-end=\"166\"><strong data-start=\"140\" data-end=\"150\">Marca:<\/strong> Louis Vuitton<\/p>\n<\/li>\n<li data-start=\"167\" data-end=\"215\">\n<p data-start=\"169\" data-end=\"215\"><strong data-start=\"169\" data-end=\"182\">Material:<\/strong> Acetato y\/o metal de alta gama<\/p>\n<\/li>\n<li data-start=\"216\" data-end=\"272\">\n<p data-start=\"218\" data-end=\"272\"><strong data-start=\"218\" data-end=\"229\">Lentes:<\/strong> Protecci\u00f3n UV 100%, opciones polarizadas<\/p>\n<\/li>\n<li data-start=\"273\" data-end=\"360\">\n<p data-start=\"275\" data-end=\"360\"><strong data-start=\"275\" data-end=\"286\">Dise\u00f1o:<\/strong> Detalles ic\u00f3nicos como monograma LV, flor Monogram, acabados esmaltados<\/p>\n<\/li>\n<li data-start=\"361\" data-end=\"417\">\n<p data-start=\"363\" data-end=\"417\"><strong data-start=\"363\" data-end=\"374\">Estilo:<\/strong> Elegante, moderno, unisex<\/p>\n<\/li>\n<li data-start=\"418\" data-end=\"482\">\n<p data-start=\"420\" data-end=\"482\"><strong data-start=\"420\" data-end=\"432\">Incluye:<\/strong> Estuche r\u00edgido y pa\u00f1o de limpieza Louis Vuitton<\/p>\n<\/li>\n<li data-start=\"483\" data-end=\"530\">\n<p data-start=\"485\" data-end=\"530\"><strong data-start=\"485\" data-end=\"498\">Hecho en:<\/strong> Italia\/Francia<\/p>\n<\/li>\n<\/ul>\n<p data-start=\"532\" data-end=\"605\">\ud83d\udd76\ufe0f <em data-start=\"536\" data-end=\"605\">Un accesorio de lujo que combina estilo, protecci\u00f3n y exclusividad.<\/em><\/p>\n","protected":false},"excerpt":{"rendered":"<p data-start=\"179\" data-end=\"439\">Las <strong data-start=\"183\" data-end=\"213\">gafas de sol Louis Vuitton<\/strong> combinan el lujo atemporal con la innovaci\u00f3n del dise\u00f1o contempor\u00e1neo. Elaboradas con materiales de alta calidad como acetato premium, metal dorado o titanio, estas gafas reflejan el distintivo estilo de la maison francesa.<\/p>\n<p data-start=\"441\" data-end=\"841\">Los modelos suelen incorporar detalles ic\u00f3nicos como el <strong data-start=\"497\" data-end=\"521\">monograma LV grabado<\/strong>, <strong data-start=\"523\" data-end=\"561\">remaches en forma de flor Monogram<\/strong>, o varillas con acabados esmaltados, que realzan la exclusividad de cada par. Disponibles en una variedad de formas \u2014desde aviador cl\u00e1sico, cuadrado oversize, hasta dise\u00f1os futuristas\u2014 las gafas est\u00e1n dise\u00f1adas para adaptarse tanto a estilos sofisticados como a atuendos urbanos.<\/p>\n<p data-start=\"843\" data-end=\"1018\">Adem\u00e1s de su dise\u00f1o de alta costura, ofrecen <strong data-start=\"888\" data-end=\"913\">protecci\u00f3n UV al 100%<\/strong>, lentes polarizadas en algunos modelos y un ajuste ergon\u00f3mico para garantizar comodidad y funcionalidad.<\/p>\n<p data-start=\"1020\" data-end=\"1185\">Ya sea para complementar un look elegante o para elevar un conjunto casual, las gafas de sol Louis Vuitton son un s\u00edmbolo de estatus, estilo y artesan\u00eda inigualable.<\/p>\n","protected":false},"featured_media":83661,"comment_status":"open","ping_status":"closed","template":"","meta":[],"product_brand":[],"product_cat":[774,775],"product_tag":[],"class_list":{"0":"post-83629","1":"product","2":"type-product","3":"status-publish","4":"has-post-thumbnail","6":"product_cat-gafas-de-sol","7":"product_cat-gafas-de-sol-lv","9":"first","10":"instock","11":"sale","12":"shipping-taxable","13":"purchasable","14":"product-type-simple"},"_links":{"self":[{"href":"https:\/\/vulkanoshop.xyz\/index.php?rest_route=\/wp\/v2\/product\/83629","targetHints":{"allow":["GET"]}}],"collection":[{"href":"https:\/\/vulkanoshop.xyz\/index.php?rest_route=\/wp\/v2\/product"}],"about":[{"href":"https:\/\/vulkanoshop.xyz\/index.php?rest_route=\/wp\/v2\/types\/product"}],"replies":[{"embeddable":true,"href":"https:\/\/vulkanoshop.xyz\/index.php?rest_route=%2Fwp%2Fv2%2Fcomments&post=83629"}],"version-history":[{"count":1,"href":"https:\/\/vulkanoshop.xyz\/index.php?rest_route=\/wp\/v2\/product\/83629\/revisions"}],"predecessor-version":[{"id":83662,"href":"https:\/\/vulkanoshop.xyz\/index.php?rest_route=\/wp\/v2\/product\/83629\/revisions\/83662"}],"wp:featuredmedia":[{"embeddable":true,"href":"https:\/\/vulkanoshop.xyz\/index.php?rest_route=\/wp\/v2\/media\/83661"}],"wp:attachment":[{"href":"https:\/\/vulkanoshop.xyz\/index.php?rest_route=%2Fwp%2Fv2%2Fmedia&parent=83629"}],"wp:term":[{"taxonomy":"product_brand","embeddable":true,"href":"https:\/\/vulkanoshop.xyz\/index.php?rest_route=%2Fwp%2Fv2%2Fproduct_brand&post=83629"},{"taxonomy":"product_cat","embeddable":true,"href":"https:\/\/vulkanoshop.xyz\/index.php?rest_route=%2Fwp%2Fv2%2Fproduct_cat&post=83629"},{"taxonomy":"product_tag","embeddable":true,"href":"https:\/\/vulkanoshop.xyz\/index.php?rest_route=%2Fwp%2Fv2%2Fproduct_tag&post=83629"}],"curies":[{"name":"wp","href":"https:\/\/api.w.org\/{rel}","templated":true}]}}