{"id":83471,"date":"2026-03-02T05:33:03","date_gmt":"2026-03-02T05:33:03","guid":{"rendered":"https:\/\/vulkanoshop.xyz\/?post_type=product&#038;p=83471"},"modified":"2026-03-02T05:33:25","modified_gmt":"2026-03-02T05:33:25","slug":"dior-chrono-grey-and-pink","status":"publish","type":"product","link":"https:\/\/vulkanoshop.xyz\/?product=dior-chrono-grey-and-pink","title":{"rendered":"Dior Chrono &#8211; Grey and Pink"},"content":{"rendered":"<p data-start=\"233\" data-end=\"705\">En <strong data-start=\"236\" data-end=\"254\">Nuestra Tienda<\/strong>, te ofrecemos una exclusiva selecci\u00f3n de <strong data-start=\"296\" data-end=\"322\">zapatillas Dior Chrono<\/strong>, donde el lujo se encuentra con la comodidad y el dise\u00f1o innovador. Estas zapatillas, parte de la reconocida l\u00ednea de Dior, son ideales para quienes buscan una opci\u00f3n sofisticada y con estilo sin renunciar a la funcionalidad. Adem\u00e1s, lo mejor es que las <strong data-start=\"577\" data-end=\"603\">zapatillas Dior Chrono<\/strong> est\u00e1n disponibles a <strong data-start=\"624\" data-end=\"649\">precios irresistibles<\/strong> y con <strong data-start=\"656\" data-end=\"681\">descuentos exclusivos<\/strong> solo en nuestra tienda.<\/p>\n<p data-start=\"707\" data-end=\"1089\">Dior ha sido sin\u00f3nimo de elegancia y excelencia durante a\u00f1os, y sus zapatillas Chrono no son la excepci\u00f3n. Con materiales de alta calidad y un dise\u00f1o vanguardista, estas zapatillas se adaptan perfectamente a quienes valoran tanto el estilo urbano como la exclusividad. En <strong data-start=\"979\" data-end=\"997\">Nuestra Tienda<\/strong>, nos enorgullece ofrecerte estos modelos a precios que no encontrar\u00e1s en ning\u00fan otro lugar.<\/p>\n<p data-start=\"1091\" data-end=\"1156\"><strong data-start=\"1091\" data-end=\"1156\">\u00bfPor qu\u00e9 elegir las zapatillas Dior Chrono en Nuestra Tienda?<\/strong><\/p>\n<ul data-start=\"1157\" data-end=\"1769\">\n<li data-start=\"1157\" data-end=\"1277\">\n<p data-start=\"1159\" data-end=\"1277\"><strong data-start=\"1159\" data-end=\"1184\">Precios inigualables:<\/strong> Disfruta de las <strong data-start=\"1201\" data-end=\"1220\">mejores ofertas<\/strong> y <strong data-start=\"1223\" data-end=\"1248\">descuentos exclusivos<\/strong> en zapatillas Dior Chrono.<\/p>\n<\/li>\n<li data-start=\"1278\" data-end=\"1431\">\n<p data-start=\"1280\" data-end=\"1431\"><strong data-start=\"1280\" data-end=\"1301\">Comodidad y lujo:<\/strong> Cada par de zapatillas est\u00e1 dise\u00f1ado con los mejores materiales para ofrecerte el equilibrio perfecto entre comodidad y estilo.<\/p>\n<\/li>\n<li data-start=\"1432\" data-end=\"1538\">\n<p data-start=\"1434\" data-end=\"1538\"><strong data-start=\"1434\" data-end=\"1458\">Variedad de modelos:<\/strong> Encuentra diferentes estilos y colores, siempre con la calidad \u00fanica de Dior.<\/p>\n<\/li>\n<li data-start=\"1539\" data-end=\"1632\">\n<p data-start=\"1541\" data-end=\"1632\"><strong data-start=\"1541\" data-end=\"1567\">Env\u00edo r\u00e1pido y seguro:<\/strong> Tu compra llegar\u00e1 r\u00e1pidamente a tu puerta con total seguridad.<\/p>\n<\/li>\n<li data-start=\"1633\" data-end=\"1769\">\n<p data-start=\"1635\" data-end=\"1769\"><strong data-start=\"1635\" data-end=\"1664\">Autenticidad garantizada:<\/strong> Todas nuestras zapatillas <strong data-start=\"1691\" data-end=\"1706\">Dior Chrono<\/strong> son 100% originales y provienen de distribuidores autorizados.<\/p>\n<\/li>\n<\/ul>\n<p data-start=\"1771\" data-end=\"2109\">Si est\u00e1s buscando <strong data-start=\"1789\" data-end=\"1815\">zapatillas Dior Chrono<\/strong> de alta gama, con un dise\u00f1o moderno y a precios irresistibles, <strong data-start=\"1879\" data-end=\"1897\">Nuestra Tienda<\/strong> es el lugar perfecto para ti. Aprovecha nuestros <strong data-start=\"1947\" data-end=\"1972\">descuentos exclusivos<\/strong> y lleva tu estilo al siguiente nivel sin romper tu presupuesto. \u00a1Haz tu compra ahora y disfruta de un look de lujo a precios accesibles!<\/p>\n","protected":false},"excerpt":{"rendered":"<p data-start=\"2224\" data-end=\"2606\">En <strong data-start=\"2227\" data-end=\"2245\">Nuestra Tienda<\/strong>, encuentra las <strong data-start=\"2261\" data-end=\"2287\">zapatillas Dior Chrono<\/strong> a precios exclusivos y con <strong data-start=\"2315\" data-end=\"2340\">descuentos especiales<\/strong>. Con un dise\u00f1o sofisticado y comodidad \u00fanica, estas zapatillas de lujo son la elecci\u00f3n perfecta para quienes buscan estilo y calidad. \u00a1No te pierdas nuestras ofertas y adquiere las tuyas hoy mismo! Compra con confianza, env\u00edo r\u00e1pido y 100% autenticidad garantizada.<\/p>\n","protected":false},"featured_media":83494,"comment_status":"closed","ping_status":"closed","template":"","meta":[],"product_brand":[],"product_cat":[772,668],"product_tag":[],"class_list":{"0":"post-83471","1":"product","2":"type-product","3":"status-publish","4":"has-post-thumbnail","6":"product_cat-chrono","7":"product_cat-dior-2","9":"first","10":"instock","11":"sale","12":"shipping-taxable","13":"purchasable","14":"product-type-variable"},"_links":{"self":[{"href":"https:\/\/vulkanoshop.xyz\/index.php?rest_route=\/wp\/v2\/product\/83471","targetHints":{"allow":["GET"]}}],"collection":[{"href":"https:\/\/vulkanoshop.xyz\/index.php?rest_route=\/wp\/v2\/product"}],"about":[{"href":"https:\/\/vulkanoshop.xyz\/index.php?rest_route=\/wp\/v2\/types\/product"}],"replies":[{"embeddable":true,"href":"https:\/\/vulkanoshop.xyz\/index.php?rest_route=%2Fwp%2Fv2%2Fcomments&post=83471"}],"version-history":[{"count":1,"href":"https:\/\/vulkanoshop.xyz\/index.php?rest_route=\/wp\/v2\/product\/83471\/revisions"}],"predecessor-version":[{"id":83495,"href":"https:\/\/vulkanoshop.xyz\/index.php?rest_route=\/wp\/v2\/product\/83471\/revisions\/83495"}],"wp:featuredmedia":[{"embeddable":true,"href":"https:\/\/vulkanoshop.xyz\/index.php?rest_route=\/wp\/v2\/media\/83494"}],"wp:attachment":[{"href":"https:\/\/vulkanoshop.xyz\/index.php?rest_route=%2Fwp%2Fv2%2Fmedia&parent=83471"}],"wp:term":[{"taxonomy":"product_brand","embeddable":true,"href":"https:\/\/vulkanoshop.xyz\/index.php?rest_route=%2Fwp%2Fv2%2Fproduct_brand&post=83471"},{"taxonomy":"product_cat","embeddable":true,"href":"https:\/\/vulkanoshop.xyz\/index.php?rest_route=%2Fwp%2Fv2%2Fproduct_cat&post=83471"},{"taxonomy":"product_tag","embeddable":true,"href":"https:\/\/vulkanoshop.xyz\/index.php?rest_route=%2Fwp%2Fv2%2Fproduct_tag&post=83471"}],"curies":[{"name":"wp","href":"https:\/\/api.w.org\/{rel}","templated":true}]}}