{"id":81158,"date":"2026-03-02T05:17:22","date_gmt":"2026-03-02T05:17:22","guid":{"rendered":"https:\/\/vulkanoshop.xyz\/?post_type=product&#038;p=81158"},"modified":"2026-03-02T05:17:25","modified_gmt":"2026-03-02T05:17:25","slug":"rinonera-bolso-louis-vuitton-monogram-clasico","status":"publish","type":"product","link":"https:\/\/vulkanoshop.xyz\/?product=rinonera-bolso-louis-vuitton-monogram-clasico","title":{"rendered":"Ri\u00f1onera\/Bolso Louis Vuitton &#8211; Monogram Cl\u00e1sico"},"content":{"rendered":"","protected":false},"excerpt":{"rendered":"<p>Descubre el lujo y la artesan\u00eda inigualable con este bolso Louis Vuitton, elaborado con materiales de la m\u00e1s alta calidad y un dise\u00f1o ic\u00f3nico. Cada detalle refleja la excelencia y sofisticaci\u00f3n de la marca, convirti\u00e9ndolo en un accesorio perfecto para cualquier ocasi\u00f3n. Un s\u00edmbolo de estilo, distinci\u00f3n y exclusividad que perdura en el tiempo.<\/p>\n","protected":false},"featured_media":81171,"comment_status":"open","ping_status":"closed","template":"","meta":[],"product_brand":[],"product_cat":[709,707,719],"product_tag":[],"class_list":{"0":"post-81158","1":"product","2":"type-product","3":"status-publish","4":"has-post-thumbnail","6":"product_cat-accesorios-lv","7":"product_cat-rinoneras","8":"product_cat-rinoneras-lv","10":"first","11":"instock","12":"sale","13":"shipping-taxable","14":"purchasable","15":"product-type-simple"},"_links":{"self":[{"href":"https:\/\/vulkanoshop.xyz\/index.php?rest_route=\/wp\/v2\/product\/81158","targetHints":{"allow":["GET"]}}],"collection":[{"href":"https:\/\/vulkanoshop.xyz\/index.php?rest_route=\/wp\/v2\/product"}],"about":[{"href":"https:\/\/vulkanoshop.xyz\/index.php?rest_route=\/wp\/v2\/types\/product"}],"replies":[{"embeddable":true,"href":"https:\/\/vulkanoshop.xyz\/index.php?rest_route=%2Fwp%2Fv2%2Fcomments&post=81158"}],"version-history":[{"count":1,"href":"https:\/\/vulkanoshop.xyz\/index.php?rest_route=\/wp\/v2\/product\/81158\/revisions"}],"predecessor-version":[{"id":81172,"href":"https:\/\/vulkanoshop.xyz\/index.php?rest_route=\/wp\/v2\/product\/81158\/revisions\/81172"}],"wp:featuredmedia":[{"embeddable":true,"href":"https:\/\/vulkanoshop.xyz\/index.php?rest_route=\/wp\/v2\/media\/81171"}],"wp:attachment":[{"href":"https:\/\/vulkanoshop.xyz\/index.php?rest_route=%2Fwp%2Fv2%2Fmedia&parent=81158"}],"wp:term":[{"taxonomy":"product_brand","embeddable":true,"href":"https:\/\/vulkanoshop.xyz\/index.php?rest_route=%2Fwp%2Fv2%2Fproduct_brand&post=81158"},{"taxonomy":"product_cat","embeddable":true,"href":"https:\/\/vulkanoshop.xyz\/index.php?rest_route=%2Fwp%2Fv2%2Fproduct_cat&post=81158"},{"taxonomy":"product_tag","embeddable":true,"href":"https:\/\/vulkanoshop.xyz\/index.php?rest_route=%2Fwp%2Fv2%2Fproduct_tag&post=81158"}],"curies":[{"name":"wp","href":"https:\/\/api.w.org\/{rel}","templated":true}]}}