{"id":80884,"date":"2026-03-02T05:15:47","date_gmt":"2026-03-02T05:15:47","guid":{"rendered":"https:\/\/vulkanoshop.xyz\/?post_type=product&#038;p=80884"},"modified":"2026-03-02T05:16:58","modified_gmt":"2026-03-02T05:16:58","slug":"louis-vuitton-skate-negras-2","status":"publish","type":"product","link":"https:\/\/vulkanoshop.xyz\/?product=louis-vuitton-skate-negras-2","title":{"rendered":"Louis Vuitton Skate &#8211; Negras"},"content":{"rendered":"<div id=\"product-description-short-1638\" class=\"rte-content product-description\">\n<p>El Louis Vuitton Skate es un modelo ic\u00f3nico de zapatillas que combina el estilo urbano con la elegancia distintiva de la marca. Presenta una silueta deportiva con una parte superior de cuero, gamuza y malla, lo que le da una apariencia moderna y sofisticada. Los detalles son clave en este dise\u00f1o: incluye el famoso monograma de Louis Vuitton, as\u00ed como el logotipo en el tal\u00f3n. La suela es robusta y proporciona comodidad, perfecta tanto para el uso diario como para ocasiones m\u00e1s casuales. El Skate se ha popularizado por su versatilidad y la capacidad de fusionar la moda con el deporte, convirti\u00e9ndolo en un favorito entre los amantes del streetwear y la alta costura. Su estilo audaz y exclusivo lo hace destacar en cualquier colecci\u00f3n de calzado.<\/p>\n<\/div>\n<div class=\"product-actions js-product-actions\">\n<form id=\"add-to-cart-or-refresh\" action=\"https:\/\/crazyzapas.com\/es\/carrito\" method=\"post\">\n<div class=\"product-variants js-product-variants\">\n<div class=\"clearfix product-variants-item product-variants-item-12\"><\/div>\n<\/div>\n<\/form>\n<\/div>\n","protected":false},"excerpt":{"rendered":"<p data-start=\"116\" data-end=\"183\"><strong data-start=\"116\" data-end=\"183\">Zapatillas Louis Vuitton Skate: Estilo urbano y lujo de la mano<\/strong><\/p>\n<p data-start=\"185\" data-end=\"647\">Las <strong data-start=\"189\" data-end=\"212\">Louis Vuitton Skate<\/strong> fusionan el dise\u00f1o contempor\u00e1neo del skate con la elegancia exclusiva de la marca francesa. Con una est\u00e9tica sofisticada y detalles distintivos, estas zapatillas ofrecen un estilo \u00fanico que destaca en el mundo del streetwear de lujo. Confeccionadas con materiales premium como cuero de alta calidad y lona Monogram, las <strong data-start=\"533\" data-end=\"556\">Louis Vuitton Skate<\/strong> proporcionan tanto durabilidad como confort, asegurando un ajuste perfecto para cada paso.<\/p>\n<p data-start=\"649\" data-end=\"1035\">Dise\u00f1adas para quienes buscan un calzado de lujo con un toque moderno, las <strong data-start=\"724\" data-end=\"747\">Louis Vuitton Skate<\/strong> est\u00e1n disponibles en varios colores y tama\u00f1os, adapt\u00e1ndose a las tendencias m\u00e1s actuales. Perfectas para un look casual o para a\u00f1adir un toque exclusivo a tu atuendo diario, estas zapatillas son la elecci\u00f3n ideal para quienes desean un equilibrio entre rendimiento y estilo de alta gama.<\/p>\n<p data-start=\"1037\" data-end=\"1212\"><strong data-start=\"1037\" data-end=\"1054\">Env\u00edos Gratis<\/strong>: Disfruta de <strong data-start=\"1068\" data-end=\"1085\">env\u00edos gratis<\/strong> en todas tus compras de <strong data-start=\"1110\" data-end=\"1133\">Louis Vuitton Skate<\/strong>, y recibe tus zapatillas de lujo directamente en tu hogar sin coste adicional.<\/p>\n","protected":false},"featured_media":80956,"comment_status":"open","ping_status":"closed","template":"","meta":[],"product_brand":[],"product_cat":[703],"product_tag":[],"class_list":{"0":"post-80884","1":"product","2":"type-product","3":"status-publish","4":"has-post-thumbnail","6":"product_cat-louis-vuitton-skate","8":"first","9":"instock","10":"sale","11":"shipping-taxable","12":"purchasable","13":"product-type-variable"},"_links":{"self":[{"href":"https:\/\/vulkanoshop.xyz\/index.php?rest_route=\/wp\/v2\/product\/80884","targetHints":{"allow":["GET"]}}],"collection":[{"href":"https:\/\/vulkanoshop.xyz\/index.php?rest_route=\/wp\/v2\/product"}],"about":[{"href":"https:\/\/vulkanoshop.xyz\/index.php?rest_route=\/wp\/v2\/types\/product"}],"replies":[{"embeddable":true,"href":"https:\/\/vulkanoshop.xyz\/index.php?rest_route=%2Fwp%2Fv2%2Fcomments&post=80884"}],"version-history":[{"count":1,"href":"https:\/\/vulkanoshop.xyz\/index.php?rest_route=\/wp\/v2\/product\/80884\/revisions"}],"predecessor-version":[{"id":80957,"href":"https:\/\/vulkanoshop.xyz\/index.php?rest_route=\/wp\/v2\/product\/80884\/revisions\/80957"}],"wp:featuredmedia":[{"embeddable":true,"href":"https:\/\/vulkanoshop.xyz\/index.php?rest_route=\/wp\/v2\/media\/80956"}],"wp:attachment":[{"href":"https:\/\/vulkanoshop.xyz\/index.php?rest_route=%2Fwp%2Fv2%2Fmedia&parent=80884"}],"wp:term":[{"taxonomy":"product_brand","embeddable":true,"href":"https:\/\/vulkanoshop.xyz\/index.php?rest_route=%2Fwp%2Fv2%2Fproduct_brand&post=80884"},{"taxonomy":"product_cat","embeddable":true,"href":"https:\/\/vulkanoshop.xyz\/index.php?rest_route=%2Fwp%2Fv2%2Fproduct_cat&post=80884"},{"taxonomy":"product_tag","embeddable":true,"href":"https:\/\/vulkanoshop.xyz\/index.php?rest_route=%2Fwp%2Fv2%2Fproduct_tag&post=80884"}],"curies":[{"name":"wp","href":"https:\/\/api.w.org\/{rel}","templated":true}]}}