{"id":79091,"date":"2026-03-02T05:04:38","date_gmt":"2026-03-02T05:04:38","guid":{"rendered":"https:\/\/vulkanoshop.xyz\/?post_type=product&#038;p=79091"},"modified":"2026-03-02T05:05:14","modified_gmt":"2026-03-02T05:05:14","slug":"fc-bayern-munich-segunda-equipacion-24-25","status":"publish","type":"product","link":"https:\/\/vulkanoshop.xyz\/?product=fc-bayern-munich-segunda-equipacion-24-25","title":{"rendered":"FC Bayern Munich Segunda Equipaci\u00f3n 24-25"},"content":{"rendered":"<p>La segunda equipaci\u00f3n del FC Bayern Munich para la temporada 24\/25 combina estilo y modernidad con el car\u00e1cter legendario del club. Con un dise\u00f1o en tonos oscuros, complementado con detalles en rojo y dorado, esta camiseta refleja la poderosa identidad del Bayern, fusionando tradici\u00f3n y elegancia de manera \u00fanica.<\/p>\n<p>Confeccionada con materiales de alta calidad y tecnolog\u00eda avanzada para la absorci\u00f3n de humedad, ofrece comodidad y frescura tanto en el campo como fuera de \u00e9l. El escudo del Bayern Munich se presenta con orgullo en el pecho, junto al logo del patrocinador, integrados de forma armoniosa en un dise\u00f1o que resalta la fuerza y la historia del club. Disponible en todas las tallas, esta camiseta es perfecta para los seguidores que desean mostrar su apoyo al Bayern con estilo y distinci\u00f3n. \u00a1Hazla tuya y apoya al Bayern Munich con pasi\u00f3n y elegancia!<\/p>\n","protected":false},"excerpt":{"rendered":"<p>La segunda equipaci\u00f3n del FC Bayern Munich para la temporada 24\/25 combina estilo y modernidad con el car\u00e1cter legendario del<\/p>\n","protected":false},"featured_media":79105,"comment_status":"closed","ping_status":"closed","template":"","meta":[],"product_brand":[],"product_cat":[682,677],"product_tag":[],"class_list":{"0":"post-79091","1":"product","2":"type-product","3":"status-publish","4":"has-post-thumbnail","6":"product_cat-bundesliga","7":"product_cat-camisetas-general","9":"first","10":"instock","11":"sale","12":"shipping-taxable","13":"purchasable","14":"product-type-variable"},"_links":{"self":[{"href":"https:\/\/vulkanoshop.xyz\/index.php?rest_route=\/wp\/v2\/product\/79091","targetHints":{"allow":["GET"]}}],"collection":[{"href":"https:\/\/vulkanoshop.xyz\/index.php?rest_route=\/wp\/v2\/product"}],"about":[{"href":"https:\/\/vulkanoshop.xyz\/index.php?rest_route=\/wp\/v2\/types\/product"}],"replies":[{"embeddable":true,"href":"https:\/\/vulkanoshop.xyz\/index.php?rest_route=%2Fwp%2Fv2%2Fcomments&post=79091"}],"version-history":[{"count":1,"href":"https:\/\/vulkanoshop.xyz\/index.php?rest_route=\/wp\/v2\/product\/79091\/revisions"}],"predecessor-version":[{"id":79106,"href":"https:\/\/vulkanoshop.xyz\/index.php?rest_route=\/wp\/v2\/product\/79091\/revisions\/79106"}],"wp:featuredmedia":[{"embeddable":true,"href":"https:\/\/vulkanoshop.xyz\/index.php?rest_route=\/wp\/v2\/media\/79105"}],"wp:attachment":[{"href":"https:\/\/vulkanoshop.xyz\/index.php?rest_route=%2Fwp%2Fv2%2Fmedia&parent=79091"}],"wp:term":[{"taxonomy":"product_brand","embeddable":true,"href":"https:\/\/vulkanoshop.xyz\/index.php?rest_route=%2Fwp%2Fv2%2Fproduct_brand&post=79091"},{"taxonomy":"product_cat","embeddable":true,"href":"https:\/\/vulkanoshop.xyz\/index.php?rest_route=%2Fwp%2Fv2%2Fproduct_cat&post=79091"},{"taxonomy":"product_tag","embeddable":true,"href":"https:\/\/vulkanoshop.xyz\/index.php?rest_route=%2Fwp%2Fv2%2Fproduct_tag&post=79091"}],"curies":[{"name":"wp","href":"https:\/\/api.w.org\/{rel}","templated":true}]}}