{"id":78498,"date":"2026-03-02T05:01:14","date_gmt":"2026-03-02T05:01:14","guid":{"rendered":"https:\/\/vulkanoshop.xyz\/?post_type=product&#038;p=78498"},"modified":"2026-03-02T05:01:23","modified_gmt":"2026-03-02T05:01:23","slug":"napoles-tercera-equipacion-23-24","status":"publish","type":"product","link":"https:\/\/vulkanoshop.xyz\/?product=napoles-tercera-equipacion-23-24","title":{"rendered":"N\u00e1poles Tercera Equipaci\u00f3n 23-24"},"content":{"rendered":"<div class=\"flex max-w-full flex-col flex-grow\">\n<div class=\"min-h-8 text-message flex w-full flex-col items-end gap-2 whitespace-normal break-words [.text-message+&amp;]:mt-5\" dir=\"auto\" data-message-author-role=\"assistant\" data-message-id=\"dc7dc98c-d4f1-48b6-8469-048f3a7732d1\" data-client-thread-id=\"6740d3dc-f670-8008-9e10-af8a5febf578\" data-message-model-slug=\"gpt-4o-mini\">\n<div class=\"flex w-full flex-col gap-1 empty:hidden first:pt-[3px]\">\n<div class=\"markdown prose w-full break-words dark:prose-invert light\">\n<p>La <strong>tercera equipaci\u00f3n del N\u00e1poles<\/strong> para la temporada 23\/24 ofrece un dise\u00f1o audaz y contempor\u00e1neo, reflejando el estilo y la energ\u00eda del club italiano. Con un color base <strong>negro o azul oscuro<\/strong>, la camiseta destaca por detalles en <strong>amarillo brillante y azul celeste<\/strong>, creando un contraste vibrante que resalta la identidad del N\u00e1poles.<\/p>\n<p>El dise\u00f1o es moderno y din\u00e1mico, con patrones gr\u00e1ficos o texturizados que aportan una sensaci\u00f3n de movimiento, mientras que el escudo del <strong>N\u00e1poles<\/strong> se sit\u00faa con orgullo en el pecho, simbolizando la pasi\u00f3n y la historia del club. El logo del patrocinador y otros detalles se integran de manera elegante, manteniendo una est\u00e9tica limpia y equilibrada.<\/p>\n<p>Fabricada con tecnolog\u00eda de vanguardia, esta camiseta ofrece un alto rendimiento en el campo, garantizando comodidad y frescura. Su sistema avanzado de absorci\u00f3n de humedad mantiene a los jugadores secos y c\u00f3modos durante el partido, mientras que el tejido ligero y transpirable permite libertad de movimiento y confort durante todo el juego.<\/p>\n<p>Disponible en todas las tallas para adultos, la <strong>tercera equipaci\u00f3n del N\u00e1poles<\/strong> es perfecta para los aficionados que buscan una prenda \u00fanica, con estilo y rendimiento, para apoyar a su equipo con orgullo en cada partido. \u00a1Hazla tuya y luce los colores del N\u00e1poles con distinci\u00f3n!<\/p>\n<\/div>\n<\/div>\n<\/div>\n<\/div>\n<div class=\"mb-2 flex gap-3 empty:hidden -ml-2\">\n<div class=\"items-center justify-start rounded-xl p-1 flex\">\n<div class=\"flex items-center\">\n<p>&nbsp;<\/p>\n<div class=\"flex\"><\/div>\n<div class=\"flex items-center pb-0\"><span class=\"overflow-hidden text-clip whitespace-nowrap text-sm\">4o mini<\/span><\/div>\n<\/div>\n<\/div>\n<\/div>\n","protected":false},"excerpt":{"rendered":"<p>La tercera equipaci\u00f3n del N\u00e1poles para la temporada 23\/24 ofrece un dise\u00f1o audaz y contempor\u00e1neo, reflejando el estilo y la<\/p>\n","protected":false},"featured_media":78514,"comment_status":"closed","ping_status":"closed","template":"","meta":[],"product_brand":[],"product_cat":[677,687],"product_tag":[],"class_list":{"0":"post-78498","1":"product","2":"type-product","3":"status-publish","4":"has-post-thumbnail","6":"product_cat-camisetas-general","7":"product_cat-serie-a","9":"first","10":"instock","11":"sale","12":"shipping-taxable","13":"purchasable","14":"product-type-variable"},"_links":{"self":[{"href":"https:\/\/vulkanoshop.xyz\/index.php?rest_route=\/wp\/v2\/product\/78498","targetHints":{"allow":["GET"]}}],"collection":[{"href":"https:\/\/vulkanoshop.xyz\/index.php?rest_route=\/wp\/v2\/product"}],"about":[{"href":"https:\/\/vulkanoshop.xyz\/index.php?rest_route=\/wp\/v2\/types\/product"}],"replies":[{"embeddable":true,"href":"https:\/\/vulkanoshop.xyz\/index.php?rest_route=%2Fwp%2Fv2%2Fcomments&post=78498"}],"version-history":[{"count":1,"href":"https:\/\/vulkanoshop.xyz\/index.php?rest_route=\/wp\/v2\/product\/78498\/revisions"}],"predecessor-version":[{"id":78515,"href":"https:\/\/vulkanoshop.xyz\/index.php?rest_route=\/wp\/v2\/product\/78498\/revisions\/78515"}],"wp:featuredmedia":[{"embeddable":true,"href":"https:\/\/vulkanoshop.xyz\/index.php?rest_route=\/wp\/v2\/media\/78514"}],"wp:attachment":[{"href":"https:\/\/vulkanoshop.xyz\/index.php?rest_route=%2Fwp%2Fv2%2Fmedia&parent=78498"}],"wp:term":[{"taxonomy":"product_brand","embeddable":true,"href":"https:\/\/vulkanoshop.xyz\/index.php?rest_route=%2Fwp%2Fv2%2Fproduct_brand&post=78498"},{"taxonomy":"product_cat","embeddable":true,"href":"https:\/\/vulkanoshop.xyz\/index.php?rest_route=%2Fwp%2Fv2%2Fproduct_cat&post=78498"},{"taxonomy":"product_tag","embeddable":true,"href":"https:\/\/vulkanoshop.xyz\/index.php?rest_route=%2Fwp%2Fv2%2Fproduct_tag&post=78498"}],"curies":[{"name":"wp","href":"https:\/\/api.w.org\/{rel}","templated":true}]}}