{"id":78492,"date":"2026-03-02T05:01:13","date_gmt":"2026-03-02T05:01:13","guid":{"rendered":"https:\/\/vulkanoshop.xyz\/?post_type=product&#038;p=78492"},"modified":"2026-03-02T05:01:23","modified_gmt":"2026-03-02T05:01:23","slug":"torino-primera-equipacion-23-24","status":"publish","type":"product","link":"https:\/\/vulkanoshop.xyz\/?product=torino-primera-equipacion-23-24","title":{"rendered":"Torino Primera Equipaci\u00f3n 23-24"},"content":{"rendered":"<div class=\"flex max-w-full flex-col flex-grow\">\n<div class=\"min-h-8 text-message flex w-full flex-col items-end gap-2 whitespace-normal break-words [.text-message+&amp;]:mt-5\" dir=\"auto\" data-message-author-role=\"assistant\" data-message-id=\"7c5c14ff-c176-42a0-8f1b-46f226357964\" data-client-thread-id=\"6740d3dc-f670-8008-9e10-af8a5febf578\" data-message-model-slug=\"gpt-4o-mini\">\n<div class=\"flex w-full flex-col gap-1 empty:hidden first:pt-[3px]\">\n<div class=\"markdown prose w-full break-words dark:prose-invert light\">\n<p>La <strong>primera equipaci\u00f3n del Torino FC<\/strong> para la temporada 23\/24 es una prenda que combina tradici\u00f3n y modernidad, reflejando el orgullo y la pasi\u00f3n del club italiano. Con un color principal <strong>granate<\/strong>, caracter\u00edstico del Torino, la camiseta presenta detalles en <strong>blanco y dorado<\/strong>, creando un contraste elegante y sofisticado que resalta la identidad visual del equipo.<\/p>\n<p>El dise\u00f1o es minimalista pero impactante, con una textura sutil en la parte delantera que aporta un toque contempor\u00e1neo, mientras que el escudo del <strong>Torino FC<\/strong> se ubica con orgullo en el pecho, destacando la rica historia y el legado del club. El logo del patrocinador se integra de manera arm\u00f3nica en el dise\u00f1o, manteniendo una est\u00e9tica equilibrada y profesional.<\/p>\n<p>Fabricada con materiales de \u00faltima tecnolog\u00eda, esta camiseta est\u00e1 dise\u00f1ada para ofrecer un alto rendimiento en el campo. Su tejido ligero y transpirable asegura comodidad y frescura durante todo el partido, mientras que su sistema de absorci\u00f3n de humedad mantiene a los jugadores secos y c\u00f3modos en todo momento.<\/p>\n<p>Disponible en todas las tallas para adultos, la <strong>primera equipaci\u00f3n del Torino FC<\/strong> es perfecta para los aficionados que desean mostrar su apoyo al club con estilo y distinci\u00f3n. \u00a1Hazla tuya y lleva con orgullo los colores del Torino en cada partido!<\/p>\n<\/div>\n<\/div>\n<\/div>\n<\/div>\n<div class=\"mb-2 flex gap-3 empty:hidden -ml-2\">\n<div class=\"items-center justify-start rounded-xl p-1 flex\">\n<div class=\"flex items-center\">\n<p>&nbsp;<\/p>\n<div class=\"flex\"><\/div>\n<div class=\"flex items-center pb-0\"><span class=\"overflow-hidden text-clip whitespace-nowrap text-sm\">4o mini<\/span><\/div>\n<\/div>\n<\/div>\n<\/div>\n","protected":false},"excerpt":{"rendered":"<p>La primera equipaci\u00f3n del Torino FC para la temporada 23\/24 es una prenda que combina tradici\u00f3n y modernidad, reflejando el<\/p>\n","protected":false},"featured_media":78511,"comment_status":"closed","ping_status":"closed","template":"","meta":[],"product_brand":[],"product_cat":[677,687],"product_tag":[],"class_list":{"0":"post-78492","1":"product","2":"type-product","3":"status-publish","4":"has-post-thumbnail","6":"product_cat-camisetas-general","7":"product_cat-serie-a","9":"first","10":"instock","11":"sale","12":"shipping-taxable","13":"purchasable","14":"product-type-variable"},"_links":{"self":[{"href":"https:\/\/vulkanoshop.xyz\/index.php?rest_route=\/wp\/v2\/product\/78492","targetHints":{"allow":["GET"]}}],"collection":[{"href":"https:\/\/vulkanoshop.xyz\/index.php?rest_route=\/wp\/v2\/product"}],"about":[{"href":"https:\/\/vulkanoshop.xyz\/index.php?rest_route=\/wp\/v2\/types\/product"}],"replies":[{"embeddable":true,"href":"https:\/\/vulkanoshop.xyz\/index.php?rest_route=%2Fwp%2Fv2%2Fcomments&post=78492"}],"version-history":[{"count":1,"href":"https:\/\/vulkanoshop.xyz\/index.php?rest_route=\/wp\/v2\/product\/78492\/revisions"}],"predecessor-version":[{"id":78512,"href":"https:\/\/vulkanoshop.xyz\/index.php?rest_route=\/wp\/v2\/product\/78492\/revisions\/78512"}],"wp:featuredmedia":[{"embeddable":true,"href":"https:\/\/vulkanoshop.xyz\/index.php?rest_route=\/wp\/v2\/media\/78511"}],"wp:attachment":[{"href":"https:\/\/vulkanoshop.xyz\/index.php?rest_route=%2Fwp%2Fv2%2Fmedia&parent=78492"}],"wp:term":[{"taxonomy":"product_brand","embeddable":true,"href":"https:\/\/vulkanoshop.xyz\/index.php?rest_route=%2Fwp%2Fv2%2Fproduct_brand&post=78492"},{"taxonomy":"product_cat","embeddable":true,"href":"https:\/\/vulkanoshop.xyz\/index.php?rest_route=%2Fwp%2Fv2%2Fproduct_cat&post=78492"},{"taxonomy":"product_tag","embeddable":true,"href":"https:\/\/vulkanoshop.xyz\/index.php?rest_route=%2Fwp%2Fv2%2Fproduct_tag&post=78492"}],"curies":[{"name":"wp","href":"https:\/\/api.w.org\/{rel}","templated":true}]}}