{"id":77980,"date":"2026-03-02T04:58:47","date_gmt":"2026-03-02T04:58:47","guid":{"rendered":"https:\/\/vulkanoshop.xyz\/?post_type=product&#038;p=77980"},"modified":"2026-03-02T04:58:52","modified_gmt":"2026-03-02T04:58:52","slug":"sporting-de-portugal-edicion-cr7","status":"publish","type":"product","link":"https:\/\/vulkanoshop.xyz\/?product=sporting-de-portugal-edicion-cr7","title":{"rendered":"Sporting de Portugal Edici\u00f3n CR7"},"content":{"rendered":"<p>La <strong>edici\u00f3n CR7 del Sporting de Portugal<\/strong> es una versi\u00f3n especial de la equipaci\u00f3n que rinde homenaje a <strong>Cristiano Ronaldo<\/strong>, uno de los \u00edconos m\u00e1s grandes de la historia del club. Con un dise\u00f1o \u00fanico, esta camiseta celebra sus ra\u00edces en el Sporting y su legado como futbolista.<\/p>\n<p>El <strong>escudo del Sporting de Portugal<\/strong> y el logo de <strong>Nike<\/strong> se encuentran en lugares destacados, mientras que el n\u00famero y el nombre de <strong>Cristiano Ronaldo<\/strong> se incorporan en las ediciones especiales de esta camiseta.<\/p>\n<p>Ideal para los aficionados del Sporting y los seguidores de Cristiano Ronaldo, esta edici\u00f3n limitada captura el esp\u00edritu del club y la grandeza de uno de los mejores futbolistas de la historia. Una prenda que celebra el orgullo del Sporting y la conexi\u00f3n con su leyenda.<\/p>\n","protected":false},"excerpt":{"rendered":"<p>La edici\u00f3n CR7 del Sporting de Portugal es una versi\u00f3n especial de la equipaci\u00f3n que rinde homenaje a Cristiano Ronaldo,<\/p>\n","protected":false},"featured_media":77993,"comment_status":"closed","ping_status":"closed","template":"","meta":[],"product_brand":[],"product_cat":[677,683],"product_tag":[],"class_list":{"0":"post-77980","1":"product","2":"type-product","3":"status-publish","4":"has-post-thumbnail","6":"product_cat-camisetas-general","7":"product_cat-otras-ligas","9":"first","10":"instock","11":"sale","12":"shipping-taxable","13":"purchasable","14":"product-type-variable"},"_links":{"self":[{"href":"https:\/\/vulkanoshop.xyz\/index.php?rest_route=\/wp\/v2\/product\/77980","targetHints":{"allow":["GET"]}}],"collection":[{"href":"https:\/\/vulkanoshop.xyz\/index.php?rest_route=\/wp\/v2\/product"}],"about":[{"href":"https:\/\/vulkanoshop.xyz\/index.php?rest_route=\/wp\/v2\/types\/product"}],"replies":[{"embeddable":true,"href":"https:\/\/vulkanoshop.xyz\/index.php?rest_route=%2Fwp%2Fv2%2Fcomments&post=77980"}],"version-history":[{"count":1,"href":"https:\/\/vulkanoshop.xyz\/index.php?rest_route=\/wp\/v2\/product\/77980\/revisions"}],"predecessor-version":[{"id":77994,"href":"https:\/\/vulkanoshop.xyz\/index.php?rest_route=\/wp\/v2\/product\/77980\/revisions\/77994"}],"wp:featuredmedia":[{"embeddable":true,"href":"https:\/\/vulkanoshop.xyz\/index.php?rest_route=\/wp\/v2\/media\/77993"}],"wp:attachment":[{"href":"https:\/\/vulkanoshop.xyz\/index.php?rest_route=%2Fwp%2Fv2%2Fmedia&parent=77980"}],"wp:term":[{"taxonomy":"product_brand","embeddable":true,"href":"https:\/\/vulkanoshop.xyz\/index.php?rest_route=%2Fwp%2Fv2%2Fproduct_brand&post=77980"},{"taxonomy":"product_cat","embeddable":true,"href":"https:\/\/vulkanoshop.xyz\/index.php?rest_route=%2Fwp%2Fv2%2Fproduct_cat&post=77980"},{"taxonomy":"product_tag","embeddable":true,"href":"https:\/\/vulkanoshop.xyz\/index.php?rest_route=%2Fwp%2Fv2%2Fproduct_tag&post=77980"}],"curies":[{"name":"wp","href":"https:\/\/api.w.org\/{rel}","templated":true}]}}