{"id":77547,"date":"2026-03-02T04:56:48","date_gmt":"2026-03-02T04:56:48","guid":{"rendered":"https:\/\/vulkanoshop.xyz\/?post_type=product&#038;p=77547"},"modified":"2026-03-02T04:56:54","modified_gmt":"2026-03-02T04:56:54","slug":"nike-air-jordan-3-fire-red-se","status":"publish","type":"product","link":"https:\/\/vulkanoshop.xyz\/?product=nike-air-jordan-3-fire-red-se","title":{"rendered":"Nike Air Jordan 3 Fire Red SE"},"content":{"rendered":"<p>Los <strong>Nike Air Jordan 3 Fire Red SE<\/strong> son una edici\u00f3n especial (SE) de la versi\u00f3n cl\u00e1sica <strong>Fire Red<\/strong>, que ofrece algunas variaciones y detalles exclusivos para darle un toque \u00fanico al dise\u00f1o original. Mantienen la estructura general del <strong>Air Jordan 3 Fire Red<\/strong>, con su base de cuero blanco y los detalles en <strong>rojo fuego (Fire Red)<\/strong>, pero la edici\u00f3n SE suele incorporar materiales premium y peque\u00f1os ajustes en los acabados para ofrecer un toque m\u00e1s exclusivo.<\/p>\n<p>Al igual que el modelo est\u00e1ndar, los <strong>Air Jordan 3 Fire Red SE<\/strong> cuentan con el ic\u00f3nico <strong>cement print<\/strong> en los paneles de la puntera y el tal\u00f3n, el <strong>logo de Nike<\/strong> en rojo en la leng\u00fceta y en el tal\u00f3n, adem\u00e1s de la unidad de <strong>Nike Air<\/strong> visible en la suela para proporcionar una excelente amortiguaci\u00f3n y comodidad. La principal diferencia de la versi\u00f3n SE son los detalles y acabados de mayor calidad, que hacen que este modelo sea a\u00fan m\u00e1s atractivo para los coleccionistas y los entusiastas de las zapatillas.<\/p>\n<p>Con su combinaci\u00f3n de historia, innovaci\u00f3n y estilo, los <strong>Air Jordan 3 Fire Red SE<\/strong> son ideales para quienes buscan un calzado deportivo ic\u00f3nico con un toque de exclusividad y dise\u00f1o moderno.<\/p>\n","protected":false},"excerpt":{"rendered":"<p>Los Nike Air Jordan 3 Fire Red SE son una edici\u00f3n especial (SE) de la versi\u00f3n cl\u00e1sica Fire Red, que<\/p>\n","protected":false},"featured_media":77567,"comment_status":"closed","ping_status":"closed","template":"","meta":[],"product_brand":[],"product_cat":[602,601],"product_tag":[],"class_list":{"0":"post-77547","1":"product","2":"type-product","3":"status-publish","4":"has-post-thumbnail","6":"product_cat-nike","7":"product_cat-zapatillas","9":"first","10":"instock","11":"sale","12":"shipping-taxable","13":"purchasable","14":"product-type-variable"},"_links":{"self":[{"href":"https:\/\/vulkanoshop.xyz\/index.php?rest_route=\/wp\/v2\/product\/77547","targetHints":{"allow":["GET"]}}],"collection":[{"href":"https:\/\/vulkanoshop.xyz\/index.php?rest_route=\/wp\/v2\/product"}],"about":[{"href":"https:\/\/vulkanoshop.xyz\/index.php?rest_route=\/wp\/v2\/types\/product"}],"replies":[{"embeddable":true,"href":"https:\/\/vulkanoshop.xyz\/index.php?rest_route=%2Fwp%2Fv2%2Fcomments&post=77547"}],"version-history":[{"count":1,"href":"https:\/\/vulkanoshop.xyz\/index.php?rest_route=\/wp\/v2\/product\/77547\/revisions"}],"predecessor-version":[{"id":77568,"href":"https:\/\/vulkanoshop.xyz\/index.php?rest_route=\/wp\/v2\/product\/77547\/revisions\/77568"}],"wp:featuredmedia":[{"embeddable":true,"href":"https:\/\/vulkanoshop.xyz\/index.php?rest_route=\/wp\/v2\/media\/77567"}],"wp:attachment":[{"href":"https:\/\/vulkanoshop.xyz\/index.php?rest_route=%2Fwp%2Fv2%2Fmedia&parent=77547"}],"wp:term":[{"taxonomy":"product_brand","embeddable":true,"href":"https:\/\/vulkanoshop.xyz\/index.php?rest_route=%2Fwp%2Fv2%2Fproduct_brand&post=77547"},{"taxonomy":"product_cat","embeddable":true,"href":"https:\/\/vulkanoshop.xyz\/index.php?rest_route=%2Fwp%2Fv2%2Fproduct_cat&post=77547"},{"taxonomy":"product_tag","embeddable":true,"href":"https:\/\/vulkanoshop.xyz\/index.php?rest_route=%2Fwp%2Fv2%2Fproduct_tag&post=77547"}],"curies":[{"name":"wp","href":"https:\/\/api.w.org\/{rel}","templated":true}]}}