{"id":77427,"date":"2026-03-02T04:56:15","date_gmt":"2026-03-02T04:56:15","guid":{"rendered":"https:\/\/vulkanoshop.xyz\/?post_type=product&#038;p=77427"},"modified":"2026-03-02T04:56:30","modified_gmt":"2026-03-02T04:56:30","slug":"nike-dunk-low-white-black-3","status":"publish","type":"product","link":"https:\/\/vulkanoshop.xyz\/?product=nike-dunk-low-white-black-3","title":{"rendered":"Nike Dunk Low White Black"},"content":{"rendered":"<div class=\"flex max-w-full flex-col flex-grow\">\n<div class=\"min-h-8 text-message flex w-full flex-col items-end gap-2 whitespace-normal break-words [.text-message+&amp;]:mt-5\" dir=\"auto\" data-message-author-role=\"assistant\" data-message-id=\"05d359d3-e790-4139-b764-d84e67d15b58\" data-message-model-slug=\"gpt-4o-mini\">\n<div class=\"flex w-full flex-col gap-1 empty:hidden first:pt-[3px]\">\n<div class=\"markdown prose w-full break-words dark:prose-invert light\">\n<p>Los <strong>Nike Dunk Low White Black<\/strong> son una de las versiones m\u00e1s populares y codiciadas de la ic\u00f3nica l\u00ednea <strong>Nike Dunk<\/strong>, destac\u00e1ndose por su combinaci\u00f3n cl\u00e1sica de colores blanco y negro. Este modelo presenta una base de <strong>cuero blanco<\/strong> en la parte superior, con detalles en <strong>negro<\/strong> en los paneles, el logo y la leng\u00fceta, lo que crea un contraste elegante y atemporal. El dise\u00f1o sencillo y limpio lo hace f\u00e1cil de combinar con una amplia gama de atuendos, desde looks casuales hasta m\u00e1s deportivos.<\/p>\n<p>La silueta de los <strong>Nike Dunk Low<\/strong> ofrece un ajuste c\u00f3modo y ligeramente m\u00e1s bajo en comparaci\u00f3n con el modelo tradicional, lo que brinda una sensaci\u00f3n de mayor agilidad y flexibilidad. La suela de goma es durable y proporciona tracci\u00f3n, lo que hace que estos tenis sean pr\u00e1cticos tanto para el uso diario como para actividades deportivas ligeras.<\/p>\n<p>Este modelo es ideal para quienes buscan una zapatilla con un dise\u00f1o vers\u00e1til, c\u00f3modo y con un toque de estilo retro. Los <strong>Nike Dunk Low White Black<\/strong> han ganado popularidad por su est\u00e9tica minimalista, lo que los convierte en un b\u00e1sico moderno y una pieza clave dentro de la cultura del streetwear.<\/p>\n<\/div>\n<\/div>\n<\/div>\n<\/div>\n","protected":false},"excerpt":{"rendered":"<p>Los Nike Dunk Low White Black son una de las versiones m\u00e1s populares y codiciadas de la ic\u00f3nica l\u00ednea Nike<\/p>\n","protected":false},"featured_media":77439,"comment_status":"closed","ping_status":"closed","template":"","meta":[],"product_brand":[],"product_cat":[602,601],"product_tag":[],"class_list":{"0":"post-77427","1":"product","2":"type-product","3":"status-publish","4":"has-post-thumbnail","6":"product_cat-nike","7":"product_cat-zapatillas","9":"first","10":"instock","11":"sale","12":"shipping-taxable","13":"purchasable","14":"product-type-variable"},"_links":{"self":[{"href":"https:\/\/vulkanoshop.xyz\/index.php?rest_route=\/wp\/v2\/product\/77427","targetHints":{"allow":["GET"]}}],"collection":[{"href":"https:\/\/vulkanoshop.xyz\/index.php?rest_route=\/wp\/v2\/product"}],"about":[{"href":"https:\/\/vulkanoshop.xyz\/index.php?rest_route=\/wp\/v2\/types\/product"}],"replies":[{"embeddable":true,"href":"https:\/\/vulkanoshop.xyz\/index.php?rest_route=%2Fwp%2Fv2%2Fcomments&post=77427"}],"version-history":[{"count":1,"href":"https:\/\/vulkanoshop.xyz\/index.php?rest_route=\/wp\/v2\/product\/77427\/revisions"}],"predecessor-version":[{"id":77440,"href":"https:\/\/vulkanoshop.xyz\/index.php?rest_route=\/wp\/v2\/product\/77427\/revisions\/77440"}],"wp:featuredmedia":[{"embeddable":true,"href":"https:\/\/vulkanoshop.xyz\/index.php?rest_route=\/wp\/v2\/media\/77439"}],"wp:attachment":[{"href":"https:\/\/vulkanoshop.xyz\/index.php?rest_route=%2Fwp%2Fv2%2Fmedia&parent=77427"}],"wp:term":[{"taxonomy":"product_brand","embeddable":true,"href":"https:\/\/vulkanoshop.xyz\/index.php?rest_route=%2Fwp%2Fv2%2Fproduct_brand&post=77427"},{"taxonomy":"product_cat","embeddable":true,"href":"https:\/\/vulkanoshop.xyz\/index.php?rest_route=%2Fwp%2Fv2%2Fproduct_cat&post=77427"},{"taxonomy":"product_tag","embeddable":true,"href":"https:\/\/vulkanoshop.xyz\/index.php?rest_route=%2Fwp%2Fv2%2Fproduct_tag&post=77427"}],"curies":[{"name":"wp","href":"https:\/\/api.w.org\/{rel}","templated":true}]}}