{"id":77327,"date":"2026-03-02T04:55:46","date_gmt":"2026-03-02T04:55:46","guid":{"rendered":"https:\/\/vulkanoshop.xyz\/?post_type=product&#038;p=77327"},"modified":"2026-03-02T04:56:00","modified_gmt":"2026-03-02T04:56:00","slug":"air-force-shadow-amethyst-ash","status":"publish","type":"product","link":"https:\/\/vulkanoshop.xyz\/?product=air-force-shadow-amethyst-ash","title":{"rendered":"Air force Shadow Amethyst Ash"},"content":{"rendered":"<p>Las <strong>Air Force 1 Shadow Amethyst Ash<\/strong> combinan la silueta cl\u00e1sica de las <strong>Air Force 1<\/strong> con un toque moderno y elegante. Presentan una <strong>parte superior de cuero blanco<\/strong> con detalles en tonos suaves de <strong>lila<\/strong> y <strong>gris (Amethyst Ash)<\/strong>, creando un contraste sutil y sofisticado. El dise\u00f1o con capas y los acentos en colores pastel le dan un toque \u00fanico y fresco. Adem\u00e1s, la <strong>suela Air<\/strong> proporciona comodidad y soporte, manteniendo la funcionalidad. Perfectas para quienes buscan un estilo contempor\u00e1neo y femenino con la comodidad cl\u00e1sica de las <strong>Air Force 1<\/strong>.<\/p>\n","protected":false},"excerpt":{"rendered":"<p>Las Air Force 1 Shadow Amethyst Ash combinan la silueta cl\u00e1sica de las Air Force 1 con un toque moderno<\/p>\n","protected":false},"featured_media":77333,"comment_status":"closed","ping_status":"closed","template":"","meta":[],"product_brand":[],"product_cat":[603,602,601],"product_tag":[],"class_list":{"0":"post-77327","1":"product","2":"type-product","3":"status-publish","4":"has-post-thumbnail","6":"product_cat-airforce-shadows","7":"product_cat-nike","8":"product_cat-zapatillas","10":"first","11":"instock","12":"sale","13":"shipping-taxable","14":"purchasable","15":"product-type-variable"},"_links":{"self":[{"href":"https:\/\/vulkanoshop.xyz\/index.php?rest_route=\/wp\/v2\/product\/77327","targetHints":{"allow":["GET"]}}],"collection":[{"href":"https:\/\/vulkanoshop.xyz\/index.php?rest_route=\/wp\/v2\/product"}],"about":[{"href":"https:\/\/vulkanoshop.xyz\/index.php?rest_route=\/wp\/v2\/types\/product"}],"replies":[{"embeddable":true,"href":"https:\/\/vulkanoshop.xyz\/index.php?rest_route=%2Fwp%2Fv2%2Fcomments&post=77327"}],"version-history":[{"count":1,"href":"https:\/\/vulkanoshop.xyz\/index.php?rest_route=\/wp\/v2\/product\/77327\/revisions"}],"predecessor-version":[{"id":77334,"href":"https:\/\/vulkanoshop.xyz\/index.php?rest_route=\/wp\/v2\/product\/77327\/revisions\/77334"}],"wp:featuredmedia":[{"embeddable":true,"href":"https:\/\/vulkanoshop.xyz\/index.php?rest_route=\/wp\/v2\/media\/77333"}],"wp:attachment":[{"href":"https:\/\/vulkanoshop.xyz\/index.php?rest_route=%2Fwp%2Fv2%2Fmedia&parent=77327"}],"wp:term":[{"taxonomy":"product_brand","embeddable":true,"href":"https:\/\/vulkanoshop.xyz\/index.php?rest_route=%2Fwp%2Fv2%2Fproduct_brand&post=77327"},{"taxonomy":"product_cat","embeddable":true,"href":"https:\/\/vulkanoshop.xyz\/index.php?rest_route=%2Fwp%2Fv2%2Fproduct_cat&post=77327"},{"taxonomy":"product_tag","embeddable":true,"href":"https:\/\/vulkanoshop.xyz\/index.php?rest_route=%2Fwp%2Fv2%2Fproduct_tag&post=77327"}],"curies":[{"name":"wp","href":"https:\/\/api.w.org\/{rel}","templated":true}]}}